{"id":40,"date":"2017-01-19T05:48:37","date_gmt":"2017-01-19T05:48:37","guid":{"rendered":"http:\/\/jsra.schmied.de\/?page_id=40"},"modified":"2025-11-29T18:41:04","modified_gmt":"2025-11-29T18:41:04","slug":"impressum","status":"publish","type":"page","link":"https:\/\/schmied.de\/en_en\/bedingungen\/impressum\/","title":{"rendered":"imprint"},"content":{"rendered":"<p><strong>Provider<\/strong><br \/>\nSRG Recht und Steuern GmbH (HRB D\u00fcsseldorf 87525)<br \/>\nrepresented by the managing director RA Jan Schmied or StB Nick Rohrbeck<br \/>\nPostal address M\u00f6rsenbroicher Weg 191 40470 Duesseldorf<br \/>\nphone \/ fax (+49) 211.78 177 140 \/ (+49) 211.78 177 144<br \/>\ne-mail \/ http jsra@schmied.de http:\/\/www.schmied.de<\/p>\n<p><strong>According to which rules we work<\/strong><br \/>\nWe are lawyers and tax consultants authorised to practise in the Federal Republic of Germany. We are subject to the professional supervision of the D\u00fcsseldorf Bar Association, which can be contacted as follows:  D\u00fcsseldorf Bar Association Freiligrathstr. 25 40479 D\u00fcsseldorf Telephone 0211\/495020 Fax 0211\/4950228 e-mail rakddorf@datevnet.de http:\/\/www.rechtsanwaltskammer-duesseldorf.de\/<\/p>\n<p class=\"translation-block\">We practise our profession on the basis of the following regulations and laws, among others the Federal Lawyers' Act ( BRAO ) the Professional Code of Conduct for Lawyers ( BORA ) and the Professional Code of Conduct for Lawyers in the European Community ( BRRA-EG ) the Professional Code of Conduct for Lawyers in the European Union the Anti-Money Laundering Act the Specialist Lawyers' Act (we do not hold the title of specialist lawyer). The respective texts can be viewed <a href=\"https:\/\/www.brak.de\/anwaltschaft\/berufsrecht\/\" target=\"_blank\" rel=\"noopener\">on the website of the German Federal Bar Association<\/a> and will also be sent to you in electronic form upon request.<\/p>\n<p>In addition to the legal regulations, we would like to point out our general terms and conditions of mandate, according to which we work and which we agree with you.<\/p>\n<p>Furthermore, on May 17, 2010, the Service Information Obligations Ordinance (DL-InfoV) came into force on the basis of the ordinance authorization in \u00a7 6c GewO of the implementation of the Services Directive in the European Union (Directive 2006\/123\/EC of 12.12.2007) on services in the internal market (OJ L 376 of 27.12.2006, p. 36). This also applies to our activities. We have compiled the mandatory information required in this respect in our information sheet.<\/p>\n<div class=\"page\" title=\"page 1\"><\/div>\n<p><strong style=\"font-size: 1rem;\">Costs of our work<br \/>\n<\/strong><span style=\"font-size: 1rem;\">The fees arising from our work are calculated on the basis of the <a href=\"https:\/\/www.brak.de\/anwaltschaft\/berufsrecht\/\" target=\"_blank\" rel=\"noopener\">Federal Lawyers' Fees Regulations<\/a> ( BRAGO ) for mandates before 01.07.2004 and the <a href=\"https:\/\/www.brak.de\/anwaltschaft\/berufsrecht\/\" target=\"_blank\" rel=\"noopener\">Lawyers' Fees Act<\/a> ( RVG ) for mandates after 01.07.2004.\u00a0<\/span><\/p>\n<p><strong>Admission to German Courts<\/strong><br \/>\nIn our capacity as attorneys, we appear before all local, regional and higher regional courts as well as the Federal Social Court and the Federal Labor Court throughout Germany.<\/p>\n<p><strong>Professional liability insurance<\/strong><br \/>\nWe have taken out professional liability insurance in excess of the statutory minimum cover of \u20ac 250,000 in accordance with Section 51 BRAGO to protect us against possible damages arising as a result of our advice. This provides cover for our clients in the event of damage resulting from an advisory error.<\/p>\n<p>The professional liability insurer is\u00a0<a href=\"https:\/\/www.ruv.de\/service\/kontakt\" target=\"_blank\" rel=\"noopener\">R+V Versicherung AG<\/a> for liability policy no. : 405 84 355156206 S HP01<\/p>","protected":false},"excerpt":{"rendered":"<p>Provider SRG Recht und Steuern GmbH (HRB D\u00fcsseldorf 87525), represented by Managing Director, Lawyer Jan Schmied or Tax Advisor Nick Rohrbeck. Postal Address: M\u00f6rsenbroicher Weg 191, 40470 D\u00fcsseldorf. Telephone\/Facsimile: (+49) 211.78 177 140 \/ (+49) 211.78 177 144. E-mail\/Website: jsra@schmied.de, http:\/\/www.schmied.de. On Which Rules We Work. We operate in the Federal Republic of Germany... <\/p>\n<p class=\"link-more\"><a href=\"https:\/\/schmied.de\/en_en\/bedingungen\/impressum\/\" class=\"more-link\">Continue reading<span class=\"screen-reader-text\"> &#8222;Imprint&#8220;<\/span><\/a><\/p>","protected":false},"author":1,"featured_media":0,"parent":36,"menu_order":6,"comment_status":"closed","ping_status":"closed","template":"","meta":{"footnotes":""},"class_list":["post-40","page","type-page","status-publish","hentry"],"_links":{"self":[{"href":"https:\/\/schmied.de\/en_en\/wp-json\/wp\/v2\/pages\/40","targetHints":{"allow":["GET"]}}],"collection":[{"href":"https:\/\/schmied.de\/en_en\/wp-json\/wp\/v2\/pages"}],"about":[{"href":"https:\/\/schmied.de\/en_en\/wp-json\/wp\/v2\/types\/page"}],"author":[{"embeddable":true,"href":"https:\/\/schmied.de\/en_en\/wp-json\/wp\/v2\/users\/1"}],"replies":[{"embeddable":true,"href":"https:\/\/schmied.de\/en_en\/wp-json\/wp\/v2\/comments?post=40"}],"version-history":[{"count":10,"href":"https:\/\/schmied.de\/en_en\/wp-json\/wp\/v2\/pages\/40\/revisions"}],"predecessor-version":[{"id":954,"href":"https:\/\/schmied.de\/en_en\/wp-json\/wp\/v2\/pages\/40\/revisions\/954"}],"up":[{"embeddable":true,"href":"https:\/\/schmied.de\/en_en\/wp-json\/wp\/v2\/pages\/36"}],"wp:attachment":[{"href":"https:\/\/schmied.de\/en_en\/wp-json\/wp\/v2\/media?parent=40"}],"curies":[{"name":"wp","href":"https:\/\/api.w.org\/{rel}","templated":true}]}}