{"id":50,"date":"2017-01-19T05:53:56","date_gmt":"2017-01-19T05:53:56","guid":{"rendered":"http:\/\/jsra.schmied.de\/?page_id=50"},"modified":"2017-01-19T14:39:40","modified_gmt":"2017-01-19T14:39:40","slug":"so-finden-sie-uns","status":"publish","type":"page","link":"https:\/\/schmied.de\/en_en\/kontakt\/so-finden-sie-uns\/","title":{"rendered":"how to find us"},"content":{"rendered":"<p>We are located in the FOMACON BusinessCenter in D\u00fcsseldorf M\u00f6rsenbroich.<\/p>\n<p>You can reach us by public transport (<a href=\"http:\/\/www.rheinbahn.de\/fahrplan\/Umgebungsplne\/D-Moersenbroicher%20Weg.pdf\" target=\"_blank\">stop Lenaustra\u00dfe<\/a>) as follows:<br \/>\nTrain \/ Subway 712, U72<br \/>\nBus 730, 733, 810, NE2<\/p>\n<p>You will find public (free) parking spaces about 100 meters away behind \nM\u00f6rsenbroicher Weg 201 (opposite side of the street) as well as Ernst-Poensgen-Stra\u00dfe at the corner of Fahneburgstra\u00dfe \/ M\u00f6rsenbroicher Weg.<\/p>\n<p>Upon request, we can also reserve one of our visitor parking spaces in our underground garage.<\/p>\n<p>Please consider transfer times as follows:<br \/>\nFrom D\u00fcsseldorf Airport 15 minutes (by car)<br \/>\nFrom D\u00fcsseldorf main station 15 minutes (car), 20 minutes (public transport)<br \/>\nFrom the city center (K\u00f6nigsallee) 20 minutes (car), 15 minutes (public transport)<\/p>","protected":false},"excerpt":{"rendered":"<p>We are in the FOMACON BusinessCenter in D\u00fcsseldorf M\u00f6rsenbroich. You can reach us by public transport (Lenaustra\u00dfe stop) as follows: Train \/ U-Bahn 712, U72 Bus 730, 733, 810, NE2 Public (free) parking spaces can be found approx. 100 meters away behind M\u00f6rsenbroicher Weg 201 (opposite side of the street) and Ernst-Poensgen-Strasse at the corner of Fahneburgstrasse and M\u00f6rsenbroicher Weg. On request you can\u2026 <\/p>\n<p class=\"link-more\"><a href=\"https:\/\/schmied.de\/en_en\/kontakt\/so-finden-sie-uns\/\" class=\"more-link\">Continue reading<span class=\"screen-reader-text\"> \"How to find us\"<\/span><\/a><\/p>","protected":false},"author":1,"featured_media":0,"parent":32,"menu_order":5,"comment_status":"closed","ping_status":"closed","template":"","meta":{"footnotes":""},"class_list":["post-50","page","type-page","status-publish","hentry"],"_links":{"self":[{"href":"https:\/\/schmied.de\/en_en\/wp-json\/wp\/v2\/pages\/50","targetHints":{"allow":["GET"]}}],"collection":[{"href":"https:\/\/schmied.de\/en_en\/wp-json\/wp\/v2\/pages"}],"about":[{"href":"https:\/\/schmied.de\/en_en\/wp-json\/wp\/v2\/types\/page"}],"author":[{"embeddable":true,"href":"https:\/\/schmied.de\/en_en\/wp-json\/wp\/v2\/users\/1"}],"replies":[{"embeddable":true,"href":"https:\/\/schmied.de\/en_en\/wp-json\/wp\/v2\/comments?post=50"}],"version-history":[{"count":5,"href":"https:\/\/schmied.de\/en_en\/wp-json\/wp\/v2\/pages\/50\/revisions"}],"predecessor-version":[{"id":87,"href":"https:\/\/schmied.de\/en_en\/wp-json\/wp\/v2\/pages\/50\/revisions\/87"}],"up":[{"embeddable":true,"href":"https:\/\/schmied.de\/en_en\/wp-json\/wp\/v2\/pages\/32"}],"wp:attachment":[{"href":"https:\/\/schmied.de\/en_en\/wp-json\/wp\/v2\/media?parent=50"}],"curies":[{"name":"wp","href":"https:\/\/api.w.org\/{rel}","templated":true}]}}