{"id":133,"date":"2017-01-21T16:08:56","date_gmt":"2017-01-21T16:08:56","guid":{"rendered":"http:\/\/jsra.schmied.de\/?page_id=133"},"modified":"2017-01-21T16:09:13","modified_gmt":"2017-01-21T16:09:13","slug":"arbeitsrecht","status":"publish","type":"page","link":"https:\/\/schmied.de\/es\/rechtsgebiete\/arbeitsrecht\/","title":{"rendered":"Ley de Empleo"},"content":{"rendered":"<p>Si usted mismo est\u00e1 empleado o ha contratado a terceros, la legislaci\u00f3n laboral aplicable determina la parte esencial de su vida (profesional). Ya sea en la celebraci\u00f3n de un contrato de trabajo, el dise\u00f1o de las condiciones de trabajo, el ambiente de trabajo o la terminaci\u00f3n de la relaci\u00f3n contractual.<\/p>\n<p>Nuestro consejo comienza con eso. <strong><em>celebraci\u00f3n del contrato<\/em><\/strong>. Nos gustar\u00eda mirar &quot;hacia el futuro&quot; junto con usted, discutir con usted los elementos esenciales del contrato de trabajo, apoyarlo en las negociaciones y establecer el rumbo correcto para una cooperaci\u00f3n libre de argumentos pero que sigue reglas claras.<\/p>\n<p>se convirti\u00f3 en tuyo <strong><em>relaci\u00f3n laboral terminada<\/em><\/strong> o \u00bfexiste la necesidad de terminar la relaci\u00f3n laboral con un empleado? Entonces deber\u00edamos hablar para determinar los pr\u00f3ximos pasos necesarios. El objetivo debe ser discutir la situaci\u00f3n de hecho y de derecho con usted lo antes posible para que pueda actuar y reaccionar sobre la base de un conocimiento s\u00f3lido.<\/p>\n<p>No todo aviso de despido es efectivo, no todo empleador ha considerado todo lo necesario y no todo empleado es acusado de cometer un error que justifique el despido.<br \/>\nTrabajaremos con usted para aclarar cualquier pregunta que pueda tener, como...<\/p>\n<ul>\n<li>\u00bfLa relaci\u00f3n laboral en el <strong><em>forma necesaria<\/em><\/strong> \u00bfabandonar? O: \u00bfQu\u00e9 formulario debo seguir para dar aviso formal de terminaci\u00f3n?<\/li>\n<li>\u00bfSe requiere un <em><strong>terminaci\u00f3n<\/strong><\/em> a <strong><em>justificar<\/em><\/strong>? \u00bfCu\u00e1l es el impacto si no se da una justificaci\u00f3n?<\/li>\n<li>Fue el<em><strong> plazo de aviso<\/strong><\/em> correctamente calculado \u00bfqu\u00e9 sucede si el empleador ha calculado mal?<\/li>\n<li>cual <strong><em>plazos<\/em><\/strong> tengo que considerar? \u00bfPara cu\u00e1ndo el trabajador tiene que ir a la agencia de empleo y darse de alta como en busca de trabajo\/desempleado, cu\u00e1les son los deberes de informaci\u00f3n del empleador al respecto?<\/li>\n<li>me gustar\u00eda <em><strong>opcional<\/strong><\/em>\u00bfQue significa esto para mi?<\/li>\n<li>Es el que est\u00e1 en exhibici\u00f3n <strong><em>Transcripci\u00f3n<\/em><\/strong> \u00bfcorrecto u objetable?<\/li>\n<\/ul>\n<p>El asesoramiento en derecho laboral no se limita a la realizaci\u00f3n de un litigio en derecho laboral, comienza antes y no finaliza con la existencia de un acuerdo\/sentencia.<\/p>","protected":false},"excerpt":{"rendered":"<p>Si trabaja o ha trabajado usted mismo por cuenta ajena, la legislaci\u00f3n laboral aplicable determina la parte esencial de su vida (profesional). Esto se aplica a la celebraci\u00f3n de un contrato laboral, la organizaci\u00f3n de las condiciones de trabajo, el entorno laboral o la rescisi\u00f3n de la relaci\u00f3n contractual. Nuestro asesoramiento comienza con la celebraci\u00f3n del contrato. Nos gustar\u00eda mirar \u201ehacia el futuro\u201c junto con usted, el ... <\/p>\n<p class=\"link-more\"><a href=\"https:\/\/schmied.de\/es\/rechtsgebiete\/arbeitsrecht\/\" class=\"more-link\">Seguir leyendo<span class=\"screen-reader-text\"> \u201eDerecho laboral\u201c<\/span><\/a><\/p>","protected":false},"author":1,"featured_media":0,"parent":20,"menu_order":0,"comment_status":"closed","ping_status":"closed","template":"","meta":{"footnotes":""},"class_list":["post-133","page","type-page","status-publish","hentry"],"_links":{"self":[{"href":"https:\/\/schmied.de\/es\/wp-json\/wp\/v2\/pages\/133","targetHints":{"allow":["GET"]}}],"collection":[{"href":"https:\/\/schmied.de\/es\/wp-json\/wp\/v2\/pages"}],"about":[{"href":"https:\/\/schmied.de\/es\/wp-json\/wp\/v2\/types\/page"}],"author":[{"embeddable":true,"href":"https:\/\/schmied.de\/es\/wp-json\/wp\/v2\/users\/1"}],"replies":[{"embeddable":true,"href":"https:\/\/schmied.de\/es\/wp-json\/wp\/v2\/comments?post=133"}],"version-history":[{"count":1,"href":"https:\/\/schmied.de\/es\/wp-json\/wp\/v2\/pages\/133\/revisions"}],"predecessor-version":[{"id":136,"href":"https:\/\/schmied.de\/es\/wp-json\/wp\/v2\/pages\/133\/revisions\/136"}],"up":[{"embeddable":true,"href":"https:\/\/schmied.de\/es\/wp-json\/wp\/v2\/pages\/20"}],"wp:attachment":[{"href":"https:\/\/schmied.de\/es\/wp-json\/wp\/v2\/media?parent=133"}],"curies":[{"name":"wp","href":"https:\/\/api.w.org\/{rel}","templated":true}]}}