{"id":137,"date":"2017-01-21T16:11:25","date_gmt":"2017-01-21T16:11:25","guid":{"rendered":"http:\/\/jsra.schmied.de\/?page_id=137"},"modified":"2017-01-21T16:11:25","modified_gmt":"2017-01-21T16:11:25","slug":"gesellschaftsrecht","status":"publish","type":"page","link":"https:\/\/schmied.de\/es\/rechtsgebiete\/gesellschaftsrecht\/","title":{"rendered":"derecho Corporativo"},"content":{"rendered":"<p>No solo lo asesoramos sobre la formaci\u00f3n de empresas o el procesamiento legalmente impecable en curso (por ejemplo, asambleas \/ resoluciones regulares de accionistas, cumplimiento de los requisitos de la ley de sociedades especificados en los estatutos), sino tambi\u00e9n sobre el cambio de los estatutos \/ la forma de la empresa. hasta la disoluci\u00f3n de la sociedad.<br \/>\nTeniendo en cuenta sus requisitos y la situaci\u00f3n fiscal, no solo las formas comunes de la empresa, como la sociedad de responsabilidad limitada (GmbH), la sociedad limitada (KG) (tambi\u00e9n en forma de GmbH &amp; Co. KG), la sociedad general (OHG), la sociedad civil sociedad de derecho entran en juego (GbR) (BGB-Gesellschaft), Sociedad Limitada (Ltd.) (tambi\u00e9n llamada peque\u00f1a GmbH) o Ltd. &amp; Co. KG, pero tambi\u00e9n cuestiones m\u00e1s complejas como fundaciones, sociedades an\u00f3nimas (AG) (tambi\u00e9n en formas modificadas, por ejemplo, como KGaA).<\/p>\n<p>Asesoramos sobre la forma jur\u00eddica adecuada, la estructura de su empresa y la consecuente redacci\u00f3n necesaria de los contratos. Si es necesario un cambio, acompa\u00f1amos la implementaci\u00f3n. Adem\u00e1s, nuestra gama de asesoramiento tambi\u00e9n incluye procedimientos para la (des)designaci\u00f3n de administradores o miembros del directorio, la aplicaci\u00f3n de cl\u00e1usulas de no competencia contra empleados, administradores y accionistas, la venta, cesi\u00f3n y confiscaci\u00f3n (caduaci\u00f3n) de acciones, transformaci\u00f3n de la empresa (cambio de forma jur\u00eddica) incluida la fusi\u00f3n de varias empresas o la realizaci\u00f3n de escisiones conforme al derecho de sociedades.<\/p>","protected":false},"excerpt":{"rendered":"<p>No solo lo asesoramos sobre la formaci\u00f3n de empresas o el procesamiento legalmente impecable en curso (por ejemplo, reuniones \/ resoluciones regulares de accionistas, cumplimiento de los requisitos de la ley de sociedades especificados en los estatutos), sino tambi\u00e9n sobre el cambio de los estatutos \/ la forma de la empresa. hasta la disoluci\u00f3n de la sociedad. Teniendo en cuenta sus requisitos y la situaci\u00f3n fiscal, no existen... <\/p>\n<p class=\"link-more\"><a href=\"https:\/\/schmied.de\/es\/rechtsgebiete\/gesellschaftsrecht\/\" class=\"more-link\">Seguir leyendo<span class=\"screen-reader-text\"> &#8222;Derecho Corporativo&#8220;<\/span><\/a><\/p>","protected":false},"author":1,"featured_media":0,"parent":20,"menu_order":1,"comment_status":"closed","ping_status":"closed","template":"","meta":{"footnotes":""},"class_list":["post-137","page","type-page","status-publish","hentry"],"_links":{"self":[{"href":"https:\/\/schmied.de\/es\/wp-json\/wp\/v2\/pages\/137","targetHints":{"allow":["GET"]}}],"collection":[{"href":"https:\/\/schmied.de\/es\/wp-json\/wp\/v2\/pages"}],"about":[{"href":"https:\/\/schmied.de\/es\/wp-json\/wp\/v2\/types\/page"}],"author":[{"embeddable":true,"href":"https:\/\/schmied.de\/es\/wp-json\/wp\/v2\/users\/1"}],"replies":[{"embeddable":true,"href":"https:\/\/schmied.de\/es\/wp-json\/wp\/v2\/comments?post=137"}],"version-history":[{"count":1,"href":"https:\/\/schmied.de\/es\/wp-json\/wp\/v2\/pages\/137\/revisions"}],"predecessor-version":[{"id":138,"href":"https:\/\/schmied.de\/es\/wp-json\/wp\/v2\/pages\/137\/revisions\/138"}],"up":[{"embeddable":true,"href":"https:\/\/schmied.de\/es\/wp-json\/wp\/v2\/pages\/20"}],"wp:attachment":[{"href":"https:\/\/schmied.de\/es\/wp-json\/wp\/v2\/media?parent=137"}],"curies":[{"name":"wp","href":"https:\/\/api.w.org\/{rel}","templated":true}]}}