{"id":139,"date":"2017-01-21T16:12:22","date_gmt":"2017-01-21T16:12:22","guid":{"rendered":"http:\/\/jsra.schmied.de\/?page_id=139"},"modified":"2017-01-21T16:15:00","modified_gmt":"2017-01-21T16:15:00","slug":"139-2","status":"publish","type":"page","link":"https:\/\/schmied.de\/es\/rechtsgebiete\/139-2\/","title":{"rendered":"ley comercial"},"content":{"rendered":"<p>\u00bfEres un representante de ventas o un empresario? Luego, el derecho comercial determina una gran cantidad de relaciones jur\u00eddicas con las que usted trata a diario.<\/p>\n<p>Como agente comercial, cuando se rescinde el contrato suele surgir la duda de si el empresario ha completado la relaci\u00f3n contractual de forma completa y correcta o no. En este sentido, tiene derecho a una informaci\u00f3n completa y posiblemente tambi\u00e9n a reclamaciones de compensaci\u00f3n de acuerdo con \u00a7 89b HGB. Preparar e implementar su afirmaci\u00f3n es una tarea exigente y que requiere mucho tiempo, que estaremos encantados de realizar junto con usted.<br \/>\nPero tambi\u00e9n pueden surgir problemas durante la vigencia del contrato, porque por naturaleza los empresarios y los agentes comerciales tienen intereses en conflicto, por ejemplo, cuando se trata de cuestiones sobre cu\u00e1ndo debe pagarse la remuneraci\u00f3n del agente, la -subsiguiente- consideraci\u00f3n de las deudas incobrables en el estado de la comisi\u00f3n y las especificaciones del empresario en relaci\u00f3n con el \u00e1rea de agencia y\/o las funciones del agente comercial.<\/p>\n<p>Los problemas legales de un empresario son complejos. Desde las relaciones contractuales relacionadas con el derecho laboral hasta los t\u00e9rminos y condiciones generales (TCG) y los dise\u00f1os de contrato que elija con sus socios comerciales. En este sentido, le ofrecemos un soporte y asesoramiento jur\u00eddico integral, en el que damos especial importancia a la consulta de su asesor de gesti\u00f3n y fiscal como parte del asesoramiento estrat\u00e9gico, de forma que se puedan coordinar los procesos de trabajo y el dise\u00f1o de los contratos.<\/p>","protected":false},"excerpt":{"rendered":"<p>\u00bfEres un representante de ventas o un empresario? Luego, el derecho comercial determina una gran cantidad de relaciones jur\u00eddicas con las que usted trata a diario. Como agente comercial, cuando se rescinde el contrato suele surgir la duda de si el empresario ha completado la relaci\u00f3n contractual de forma completa y correcta o no. En este sentido, tiene derecho a una informaci\u00f3n completa y posiblemente tambi\u00e9n a reclamaciones de compensaci\u00f3n de acuerdo con \u00a7 89b HGB. ... <\/p>\n<p class=\"link-more\"><a href=\"https:\/\/schmied.de\/es\/rechtsgebiete\/139-2\/\" class=\"more-link\">Seguir leyendo<span class=\"screen-reader-text\"> &#8222;Derecho Comercial&#8220;<\/span><\/a><\/p>","protected":false},"author":1,"featured_media":0,"parent":20,"menu_order":2,"comment_status":"closed","ping_status":"closed","template":"","meta":{"footnotes":""},"class_list":["post-139","page","type-page","status-publish","hentry"],"_links":{"self":[{"href":"https:\/\/schmied.de\/es\/wp-json\/wp\/v2\/pages\/139","targetHints":{"allow":["GET"]}}],"collection":[{"href":"https:\/\/schmied.de\/es\/wp-json\/wp\/v2\/pages"}],"about":[{"href":"https:\/\/schmied.de\/es\/wp-json\/wp\/v2\/types\/page"}],"author":[{"embeddable":true,"href":"https:\/\/schmied.de\/es\/wp-json\/wp\/v2\/users\/1"}],"replies":[{"embeddable":true,"href":"https:\/\/schmied.de\/es\/wp-json\/wp\/v2\/comments?post=139"}],"version-history":[{"count":2,"href":"https:\/\/schmied.de\/es\/wp-json\/wp\/v2\/pages\/139\/revisions"}],"predecessor-version":[{"id":144,"href":"https:\/\/schmied.de\/es\/wp-json\/wp\/v2\/pages\/139\/revisions\/144"}],"up":[{"embeddable":true,"href":"https:\/\/schmied.de\/es\/wp-json\/wp\/v2\/pages\/20"}],"wp:attachment":[{"href":"https:\/\/schmied.de\/es\/wp-json\/wp\/v2\/media?parent=139"}],"curies":[{"name":"wp","href":"https:\/\/api.w.org\/{rel}","templated":true}]}}