{"id":14,"date":"2017-01-19T05:42:06","date_gmt":"2017-01-19T05:42:06","guid":{"rendered":"http:\/\/jsra.schmied.de\/?page_id=14"},"modified":"2025-11-29T18:44:53","modified_gmt":"2025-11-29T18:44:53","slug":"wer-wir-sind-und-was-wir-machen","status":"publish","type":"page","link":"https:\/\/schmied.de\/es\/kanzlei\/wer-wir-sind-und-was-wir-machen\/","title":{"rendered":"Qui\u00e9nes somos y qu\u00e9 hacemos"},"content":{"rendered":"<p>Somos una cooperaci\u00f3n de<a href=\"https:\/\/schmied.de\/es\/anwaelte-in-kooperation\/\"> abogados internacionales<\/a>.<\/p>\n<p>Nuestra sede est\u00e1 en D\u00fcsseldorf:<br \/>\nAbogado <strong><a href=\"https:\/\/schmied.de\/es\/kanzlei\/wer-wir-sind-und-was-wir-machen\/ra-jan-schmied\/\">jan smith<\/a><\/strong><\/p>\n<p>Trabajamos en nuestra oficina de Solingen:<br \/>\nEl asesor fiscal Nick Rohrbeck<\/p>\n<p>Obtenga m\u00e1s informaci\u00f3n sobre su CV y \u00e1reas de especializaci\u00f3n en las respectivas p\u00e1ginas de los profesionales.<\/p>","protected":false},"excerpt":{"rendered":"<p>Somos una cooperaci\u00f3n de abogados activos internacionalmente. En nuestro despacho de D\u00fcsseldorf trabajan Abogado Jan Schmied En nuestra oficina en Solingen est\u00e1 activo Asesor fiscal Nick Rohrbeck En las respectivas p\u00e1ginas de los profesionales encontrar\u00e1 informaci\u00f3n sobre sus curr\u00edculos y \u00e1reas de especializaci\u00f3n<\/p>","protected":false},"author":1,"featured_media":0,"parent":28,"menu_order":0,"comment_status":"closed","ping_status":"closed","template":"","meta":{"footnotes":""},"class_list":["post-14","page","type-page","status-publish","hentry"],"_links":{"self":[{"href":"https:\/\/schmied.de\/es\/wp-json\/wp\/v2\/pages\/14","targetHints":{"allow":["GET"]}}],"collection":[{"href":"https:\/\/schmied.de\/es\/wp-json\/wp\/v2\/pages"}],"about":[{"href":"https:\/\/schmied.de\/es\/wp-json\/wp\/v2\/types\/page"}],"author":[{"embeddable":true,"href":"https:\/\/schmied.de\/es\/wp-json\/wp\/v2\/users\/1"}],"replies":[{"embeddable":true,"href":"https:\/\/schmied.de\/es\/wp-json\/wp\/v2\/comments?post=14"}],"version-history":[{"count":10,"href":"https:\/\/schmied.de\/es\/wp-json\/wp\/v2\/pages\/14\/revisions"}],"predecessor-version":[{"id":956,"href":"https:\/\/schmied.de\/es\/wp-json\/wp\/v2\/pages\/14\/revisions\/956"}],"up":[{"embeddable":true,"href":"https:\/\/schmied.de\/es\/wp-json\/wp\/v2\/pages\/28"}],"wp:attachment":[{"href":"https:\/\/schmied.de\/es\/wp-json\/wp\/v2\/media?parent=14"}],"curies":[{"name":"wp","href":"https:\/\/api.w.org\/{rel}","templated":true}]}}