{"id":142,"date":"2017-01-21T16:14:43","date_gmt":"2017-01-21T16:14:43","guid":{"rendered":"http:\/\/jsra.schmied.de\/?page_id=142"},"modified":"2017-01-21T16:14:43","modified_gmt":"2017-01-21T16:14:43","slug":"steuerrecht","status":"publish","type":"page","link":"https:\/\/schmied.de\/es\/rechtsgebiete\/steuerrecht\/","title":{"rendered":"ley de Impuesto"},"content":{"rendered":"<p>El derecho tributario es una de las \u00e1reas jur\u00eddicas centrales de nuestra vida cotidiana. La mayor\u00eda de los negocios cotidianos tienen que ver con cuestiones fiscales. Por lo tanto, es importante considerar las cuestiones de derecho tributario al dise\u00f1ar contratos y procesos de trabajo lo antes posible.<\/p>\n<p>Entendemos el asesoramiento fiscal \u00f3ptimo como una simbiosis de la experiencia de un asesor fiscal y un abogado. Esta cooperaci\u00f3n requiere que el abogado entienda y tenga habilidad para la ley tributaria. Porque si no reconoces o anticipas los problemas, tampoco los puedes resolver.<\/p>\n<p>El derecho tributario es un tema que los asesores y auditores fiscales han hecho suyo y que resulta demasiado complejo para tratarlo \u201cal margen\u201d. Por lo tanto, nos gustar\u00eda hacer esto en la vida cotidiana, ya sea en la legislaci\u00f3n laboral (por ejemplo: \u00bfC\u00f3mo puedo definir los componentes del salario para calificar partes como suplementos con privilegios fiscales en lugar de un salario bruto regular y as\u00ed ahorrar contribuciones a la seguridad social?) o en el derecho comercial (por ejemplo: \u00bfC\u00f3mo puedo integrar los pr\u00e9stamos de los accionistas\/directores generales en la financiaci\u00f3n de la empresa de tal manera que el inter\u00e9s que la empresa paga a los accionistas por el capital disponible sea deducible de impuestos para la empresa?) no pierda vista de los problemas de derecho tributario y como enlace para actuar como su asesor fiscal.<\/p>\n<p>Tiene un inter\u00e9s vital en trabajar con un consultor que piensa fuera de la caja en este momento.<\/p>","protected":false},"excerpt":{"rendered":"<p>El derecho tributario es una de las \u00e1reas jur\u00eddicas centrales de nuestra vida cotidiana. La mayor\u00eda de los negocios cotidianos tienen que ver con cuestiones fiscales. Por lo tanto, es importante considerar las cuestiones de derecho tributario al dise\u00f1ar contratos y procesos de trabajo lo antes posible. Entendemos el asesoramiento fiscal \u00f3ptimo como una simbiosis de la experiencia de un asesor fiscal y un abogado. Esta cooperaci\u00f3n requiere por parte de... <\/p>\n<p class=\"link-more\"><a href=\"https:\/\/schmied.de\/es\/rechtsgebiete\/steuerrecht\/\" class=\"more-link\">Seguir leyendo<span class=\"screen-reader-text\"> &#8222;Derecho Tributario&#8220;<\/span><\/a><\/p>","protected":false},"author":1,"featured_media":0,"parent":20,"menu_order":3,"comment_status":"closed","ping_status":"closed","template":"","meta":{"footnotes":""},"class_list":["post-142","page","type-page","status-publish","hentry"],"_links":{"self":[{"href":"https:\/\/schmied.de\/es\/wp-json\/wp\/v2\/pages\/142","targetHints":{"allow":["GET"]}}],"collection":[{"href":"https:\/\/schmied.de\/es\/wp-json\/wp\/v2\/pages"}],"about":[{"href":"https:\/\/schmied.de\/es\/wp-json\/wp\/v2\/types\/page"}],"author":[{"embeddable":true,"href":"https:\/\/schmied.de\/es\/wp-json\/wp\/v2\/users\/1"}],"replies":[{"embeddable":true,"href":"https:\/\/schmied.de\/es\/wp-json\/wp\/v2\/comments?post=142"}],"version-history":[{"count":1,"href":"https:\/\/schmied.de\/es\/wp-json\/wp\/v2\/pages\/142\/revisions"}],"predecessor-version":[{"id":143,"href":"https:\/\/schmied.de\/es\/wp-json\/wp\/v2\/pages\/142\/revisions\/143"}],"up":[{"embeddable":true,"href":"https:\/\/schmied.de\/es\/wp-json\/wp\/v2\/pages\/20"}],"wp:attachment":[{"href":"https:\/\/schmied.de\/es\/wp-json\/wp\/v2\/media?parent=142"}],"curies":[{"name":"wp","href":"https:\/\/api.w.org\/{rel}","templated":true}]}}