{"id":151,"date":"2017-01-21T16:22:46","date_gmt":"2017-01-21T16:22:46","guid":{"rendered":"http:\/\/jsra.schmied.de\/?page_id=151"},"modified":"2017-01-21T16:22:46","modified_gmt":"2017-01-21T16:22:46","slug":"forderungsmanagement","status":"publish","type":"page","link":"https:\/\/schmied.de\/es\/rechtsgebiete\/forderungsmanagement\/","title":{"rendered":"gesti\u00f3n de cuentas por cobrar"},"content":{"rendered":"<p>No queremos operar un cobro de cuentas por cobrar, sino desarrollar e implementar la gesti\u00f3n legal de cuentas por cobrar junto con usted.<\/p>\n<p>Puede que se diga a s\u00ed mismo: &quot;\u00a1Es lo mismo!&quot;, pero entendemos que la gesti\u00f3n legal de cuentas por cobrar significa ese algo extra.<br \/>\nJunto con usted, nos gustar\u00eda discutir el proceso contable, comenzando con la contabilidad, la documentaci\u00f3n del servicio prestado y el procesamiento del pedido. Obtener un t\u00edtulo ejecutorio es una cosa, pero cobrar el t\u00edtulo de propiedad es al menos igual de importante.<\/p>\n<p>Es importante que se tengan en cuenta sus requisitos y procesos individuales y que nuestras actividades se &quot;adapten&quot; a ellos. La gesti\u00f3n exitosa de las cuentas por cobrar no consiste en ganar un t\u00edtulo y la posterior ejecuci\u00f3n de acuerdo con el &quot;esquema F&quot;, sino que solo es exitosa y conveniente si se practica un enfoque coordinado.<\/p>\n<p>La base para un t\u00edtulo exitoso es, entre otras cosas, la forma en que lo documentas (\u00bfsab\u00edas que UPS no guarda los albaranes refrendados como se\u00f1al de aceptaci\u00f3n por m\u00e1s de 6 meses y que luego es muy dif\u00edcil , si no imposible, proporcionar prueba de entrega? ) y procesamiento de pedidos. La recuperaci\u00f3n de su cr\u00e9dito requiere el conocimiento del paradero de los bienes del deudor. Ya durante el procesamiento de la orden, puede obtener ventajas que pueden pagar m\u00e1s tarde, ya que puede ejecutar la ejecuci\u00f3n m\u00e1s r\u00e1pido y ser el primero en acceder a los activos de varios acreedores (por ejemplo, documentando los datos bancarios del deudor).<\/p>\n<p>Solo a trav\u00e9s de una interacci\u00f3n \u00f3ptima y coordinada entre el empresario y el proveedor de servicios puede sentar las bases para el cobro efectivo de su deuda pendiente. Queremos lograr esto junto con usted.<\/p>","protected":false},"excerpt":{"rendered":"<p>No queremos operar un cobro de cuentas por cobrar, sino desarrollar e implementar la gesti\u00f3n legal de cuentas por cobrar junto con usted. Puede que se diga a s\u00ed mismo: &quot;\u00a1Es lo mismo!&quot;, pero entendemos que la gesti\u00f3n legal de cuentas por cobrar significa ese algo extra. Junto con usted, nos gustar\u00eda explicarle el proceso contable, comenzando por la contabilidad, la documentaci\u00f3n del servicio prestado hasta... <\/p>\n<p class=\"link-more\"><a href=\"https:\/\/schmied.de\/es\/rechtsgebiete\/forderungsmanagement\/\" class=\"more-link\">Seguir leyendo<span class=\"screen-reader-text\"> &#8222;Gesti\u00f3n de cuentas por cobrar&#8220;<\/span><\/a><\/p>","protected":false},"author":1,"featured_media":0,"parent":20,"menu_order":6,"comment_status":"closed","ping_status":"closed","template":"","meta":{"footnotes":""},"class_list":["post-151","page","type-page","status-publish","hentry"],"_links":{"self":[{"href":"https:\/\/schmied.de\/es\/wp-json\/wp\/v2\/pages\/151","targetHints":{"allow":["GET"]}}],"collection":[{"href":"https:\/\/schmied.de\/es\/wp-json\/wp\/v2\/pages"}],"about":[{"href":"https:\/\/schmied.de\/es\/wp-json\/wp\/v2\/types\/page"}],"author":[{"embeddable":true,"href":"https:\/\/schmied.de\/es\/wp-json\/wp\/v2\/users\/1"}],"replies":[{"embeddable":true,"href":"https:\/\/schmied.de\/es\/wp-json\/wp\/v2\/comments?post=151"}],"version-history":[{"count":1,"href":"https:\/\/schmied.de\/es\/wp-json\/wp\/v2\/pages\/151\/revisions"}],"predecessor-version":[{"id":152,"href":"https:\/\/schmied.de\/es\/wp-json\/wp\/v2\/pages\/151\/revisions\/152"}],"up":[{"embeddable":true,"href":"https:\/\/schmied.de\/es\/wp-json\/wp\/v2\/pages\/20"}],"wp:attachment":[{"href":"https:\/\/schmied.de\/es\/wp-json\/wp\/v2\/media?parent=151"}],"curies":[{"name":"wp","href":"https:\/\/api.w.org\/{rel}","templated":true}]}}