{"id":160,"date":"2017-01-21T16:36:09","date_gmt":"2017-01-21T16:36:09","guid":{"rendered":"http:\/\/jsra.schmied.de\/?page_id=160"},"modified":"2022-02-12T17:28:50","modified_gmt":"2022-02-12T17:28:50","slug":"steuerrechtliche-leistungen","status":"publish","type":"page","link":"https:\/\/schmied.de\/es\/leistungen\/steuerrechtliche-leistungen\/","title":{"rendered":"beneficios fiscales"},"content":{"rendered":"<p>El \u00e9xito de su empresa depende del hecho de que su contabilidad financiera continua y su contabilidad de n\u00f3mina como base no solo de los estados financieros anuales sino tambi\u00e9n de la gesti\u00f3n continua de la empresa se lleve a cabo de manera profunda, r\u00e1pida y eficaz. Este es nuestro objetivo.<\/p>\n<p>As\u00ed creamos el tuyo<\/p>\n<ul>\n<li>c\u00e1lculo de la n\u00f3mina<\/li>\n<li>Contabilidad financiera (se puede encontrar m\u00e1s informaci\u00f3n sobre la contabilidad financiera digital <a href=\"http:\/\/jsra.schmied.de\/?page_id=359\">aqu\u00ed<\/a>)<\/li>\n<li>Declaraciones de impuestos (todo tipo de impuestos, especialmente impuestos sobre la renta, comercio y sociedades) para particulares y empresas<\/li>\n<li>Cuentas anuales, asesoramiento empresarial y fiscal (incluida la planificaci\u00f3n anticipada) para empresas<\/li>\n<li>Derechos de aduana e impuestos especiales, registros y declaraciones al respecto<\/li>\n<li>Comunicaci\u00f3n y negociaci\u00f3n con las autoridades fiscales<\/li>\n<li>Procedimientos judiciales ante los tribunales fiscales<\/li>\n<\/ul>","protected":false},"excerpt":{"rendered":"<p>El \u00e9xito de su empresa depende del hecho de que su contabilidad financiera continua y su contabilidad de n\u00f3mina como base no solo de los estados financieros anuales sino tambi\u00e9n de la gesti\u00f3n continua de la empresa se lleve a cabo de manera profunda, r\u00e1pida y eficaz. Este es nuestro objetivo. Por lo tanto, preparamos su contabilidad de n\u00f3mina, contabilidad financiera (puede encontrar m\u00e1s informaci\u00f3n sobre la contabilidad financiera digital aqu\u00ed), declaraciones de impuestos (todo tipo de impuestos, en particular la renta, comercial ... <\/p>\n<p class=\"link-more\"><a href=\"https:\/\/schmied.de\/es\/leistungen\/steuerrechtliche-leistungen\/\" class=\"more-link\">Seguir leyendo<span class=\"screen-reader-text\"> &#8222;beneficios fiscales&#8220;<\/span><\/a><\/p>","protected":false},"author":1,"featured_media":0,"parent":24,"menu_order":1,"comment_status":"closed","ping_status":"closed","template":"","meta":{"footnotes":""},"class_list":["post-160","page","type-page","status-publish","hentry"],"_links":{"self":[{"href":"https:\/\/schmied.de\/es\/wp-json\/wp\/v2\/pages\/160","targetHints":{"allow":["GET"]}}],"collection":[{"href":"https:\/\/schmied.de\/es\/wp-json\/wp\/v2\/pages"}],"about":[{"href":"https:\/\/schmied.de\/es\/wp-json\/wp\/v2\/types\/page"}],"author":[{"embeddable":true,"href":"https:\/\/schmied.de\/es\/wp-json\/wp\/v2\/users\/1"}],"replies":[{"embeddable":true,"href":"https:\/\/schmied.de\/es\/wp-json\/wp\/v2\/comments?post=160"}],"version-history":[{"count":3,"href":"https:\/\/schmied.de\/es\/wp-json\/wp\/v2\/pages\/160\/revisions"}],"predecessor-version":[{"id":388,"href":"https:\/\/schmied.de\/es\/wp-json\/wp\/v2\/pages\/160\/revisions\/388"}],"up":[{"embeddable":true,"href":"https:\/\/schmied.de\/es\/wp-json\/wp\/v2\/pages\/24"}],"wp:attachment":[{"href":"https:\/\/schmied.de\/es\/wp-json\/wp\/v2\/media?parent=160"}],"curies":[{"name":"wp","href":"https:\/\/api.w.org\/{rel}","templated":true}]}}