{"id":162,"date":"2017-01-21T16:43:56","date_gmt":"2017-01-21T16:43:56","guid":{"rendered":"http:\/\/jsra.schmied.de\/?page_id=162"},"modified":"2017-01-21T16:49:26","modified_gmt":"2017-01-21T16:49:26","slug":"arbeitsrechtliche-leistungen","status":"publish","type":"page","link":"https:\/\/schmied.de\/es\/leistungen\/arbeitsrechtliche-leistungen\/","title":{"rendered":"beneficios laborales"},"content":{"rendered":"<p>En particular, le ofrecemos los siguientes servicios de derecho laboral:<\/p>\n<p><strong>para trabajadores<\/strong><\/p>\n<ul>\n<li>Asesoramiento antes de iniciar una relaci\u00f3n laboral, examen de un contrato de trabajo<\/li>\n<li>Tratamiento de las advertencias durante la relaci\u00f3n laboral<\/li>\n<li>Asesoramiento integral en caso de ruptura de la relaci\u00f3n laboral, negociaciones con el empleador o autoridades (por ejemplo, oficina principal de asistencia social, compa\u00f1\u00edas de seguros de salud, etc.)<\/li>\n<li>Llevar a cabo disputas de derecho laboral (en particular acciones de protecci\u00f3n contra el despido improcedente, disputas legales en relaci\u00f3n con la AGG, etc.)<\/li>\n<\/ul>\n<p><strong>para el empleador<\/strong><\/p>\n<ul>\n<li>Comprobaci\u00f3n, actualizaci\u00f3n y revisi\u00f3n permanente del contrato de trabajo<\/li>\n<li>Apoyo con medidas de personal (advertencia, terminaci\u00f3n, traslado, etc.), si se desea tambi\u00e9n implementaci\u00f3n inmediata<\/li>\n<li>Negociaci\u00f3n y apoyo en y con las autoridades (oficina de empleo, seguro m\u00e9dico, oficina principal de bienestar, empleados)<\/li>\n<li>Litigio ante el Juzgado de lo Social<\/li>\n<\/ul>\n<p>&nbsp;<\/p>\n<p>&nbsp;<\/p>","protected":false},"excerpt":{"rendered":"<p>En particular, le ofrecemos los siguientes servicios de derecho laboral: Asesoramiento a los empleados antes de iniciar una relaci\u00f3n laboral, verificaci\u00f3n de un contrato de trabajo Atenci\u00f3n de advertencias durante la relaci\u00f3n laboral Asesoramiento integral en caso de ruptura de la relaci\u00f3n laboral, negociaciones con el empleador o autoridades (p. ej., oficina principal de asistencia social, compa\u00f1\u00edas de seguros de salud, etc.) Gesti\u00f3n de disputas laborales (en particular, acciones de protecci\u00f3n contra despido improcedente, disputas legales en relaci\u00f3n con la AGG, etc.) ... <\/p>\n<p class=\"link-more\"><a href=\"https:\/\/schmied.de\/es\/leistungen\/arbeitsrechtliche-leistungen\/\" class=\"more-link\">Seguir leyendo<span class=\"screen-reader-text\"> &#8222;prestaciones laborales&#8220;<\/span><\/a><\/p>","protected":false},"author":1,"featured_media":0,"parent":24,"menu_order":0,"comment_status":"closed","ping_status":"closed","template":"","meta":{"footnotes":""},"class_list":["post-162","page","type-page","status-publish","hentry"],"_links":{"self":[{"href":"https:\/\/schmied.de\/es\/wp-json\/wp\/v2\/pages\/162","targetHints":{"allow":["GET"]}}],"collection":[{"href":"https:\/\/schmied.de\/es\/wp-json\/wp\/v2\/pages"}],"about":[{"href":"https:\/\/schmied.de\/es\/wp-json\/wp\/v2\/types\/page"}],"author":[{"embeddable":true,"href":"https:\/\/schmied.de\/es\/wp-json\/wp\/v2\/users\/1"}],"replies":[{"embeddable":true,"href":"https:\/\/schmied.de\/es\/wp-json\/wp\/v2\/comments?post=162"}],"version-history":[{"count":2,"href":"https:\/\/schmied.de\/es\/wp-json\/wp\/v2\/pages\/162\/revisions"}],"predecessor-version":[{"id":168,"href":"https:\/\/schmied.de\/es\/wp-json\/wp\/v2\/pages\/162\/revisions\/168"}],"up":[{"embeddable":true,"href":"https:\/\/schmied.de\/es\/wp-json\/wp\/v2\/pages\/24"}],"wp:attachment":[{"href":"https:\/\/schmied.de\/es\/wp-json\/wp\/v2\/media?parent=162"}],"curies":[{"name":"wp","href":"https:\/\/api.w.org\/{rel}","templated":true}]}}