{"id":170,"date":"2017-01-21T16:55:16","date_gmt":"2017-01-21T16:55:16","guid":{"rendered":"http:\/\/jsra.schmied.de\/?page_id=170"},"modified":"2017-01-21T16:55:16","modified_gmt":"2017-01-21T16:55:16","slug":"leistungen-forderungsmanagement","status":"publish","type":"page","link":"https:\/\/schmied.de\/es\/leistungen\/leistungen-forderungsmanagement\/","title":{"rendered":"Gesti\u00f3n de cuentas por cobrar de servicios"},"content":{"rendered":"<p>En el \u00e1rea de gesti\u00f3n de cobros, ponemos a su disposici\u00f3n los siguientes servicios:<\/p>\n<ul>\n<li>Asesoramiento en la implantaci\u00f3n de un sistema cualificado de gesti\u00f3n de cobros en su empresa (correctos procesos, formulaci\u00f3n del proceso de reclamaci\u00f3n, etc.)<\/li>\n<li>cartas extrajudiciales de emplazamiento<\/li>\n<li>Tel\u00e9fono &#8222;Gesti\u00f3n de cobros&#8220; dirigi\u00e9ndose directamente al deudor<\/li>\n<li>procedimiento de reclamaci\u00f3n judicial, incluida la orden de ejecuci\u00f3n (utilizando la comunicaci\u00f3n m\u00e1s moderna con los tribunales de reclamaci\u00f3n)<\/li>\n<li>si es necesario, procedimientos judiciales contenciosos ante los tribunales locales y regionales<\/li>\n<li>Medidas de ejecuci\u00f3n (autos judiciales, embargo de cr\u00e9ditos, etc.)<\/li>\n<li>Seguimiento continuo de las cuentas por cobrar<\/li>\n<\/ul>","protected":false},"excerpt":{"rendered":"<p>En el \u00e1rea de gesti\u00f3n de cobros, ponemos a su disposici\u00f3n los siguientes servicios: Asesoramiento en la implantaci\u00f3n de un sistema cualificado de gesti\u00f3n de cobros en su empresa (procedimientos correctos, formulaci\u00f3n del proceso de reclamaci\u00f3n, etc.) cartas de emplazamiento extrajudiciales tel\u00e9fono &#8222;Gesti\u00f3n de cobros&#8220; dirigi\u00e9ndose directamente al deudor, procedimiento judicial de reclamaci\u00f3n incluyendo ejecuci\u00f3n (utilizando la comunicaci\u00f3n m\u00e1s moderna con los tribunales de reclamaci\u00f3n) si es necesario procedimientos judiciales contenciosos ante el funcionario y ... <\/p>\n<p class=\"link-more\"><a href=\"https:\/\/schmied.de\/es\/leistungen\/leistungen-forderungsmanagement\/\" class=\"more-link\">Seguir leyendo<span class=\"screen-reader-text\"> &#8222;Servicios de gesti\u00f3n de cuentas por cobrar&#8220;<\/span><\/a><\/p>","protected":false},"author":1,"featured_media":0,"parent":24,"menu_order":2,"comment_status":"closed","ping_status":"closed","template":"","meta":{"footnotes":""},"class_list":["post-170","page","type-page","status-publish","hentry"],"_links":{"self":[{"href":"https:\/\/schmied.de\/es\/wp-json\/wp\/v2\/pages\/170","targetHints":{"allow":["GET"]}}],"collection":[{"href":"https:\/\/schmied.de\/es\/wp-json\/wp\/v2\/pages"}],"about":[{"href":"https:\/\/schmied.de\/es\/wp-json\/wp\/v2\/types\/page"}],"author":[{"embeddable":true,"href":"https:\/\/schmied.de\/es\/wp-json\/wp\/v2\/users\/1"}],"replies":[{"embeddable":true,"href":"https:\/\/schmied.de\/es\/wp-json\/wp\/v2\/comments?post=170"}],"version-history":[{"count":1,"href":"https:\/\/schmied.de\/es\/wp-json\/wp\/v2\/pages\/170\/revisions"}],"predecessor-version":[{"id":171,"href":"https:\/\/schmied.de\/es\/wp-json\/wp\/v2\/pages\/170\/revisions\/171"}],"up":[{"embeddable":true,"href":"https:\/\/schmied.de\/es\/wp-json\/wp\/v2\/pages\/24"}],"wp:attachment":[{"href":"https:\/\/schmied.de\/es\/wp-json\/wp\/v2\/media?parent=170"}],"curies":[{"name":"wp","href":"https:\/\/api.w.org\/{rel}","templated":true}]}}