{"id":185,"date":"2017-01-22T13:07:32","date_gmt":"2017-01-22T13:07:32","guid":{"rendered":"http:\/\/jsra.schmied.de\/?page_id=185"},"modified":"2017-01-22T13:07:32","modified_gmt":"2017-01-22T13:07:32","slug":"risc-management-fuer-privatpersonen","status":"publish","type":"page","link":"https:\/\/schmied.de\/es\/leistungen\/risc-management-fuer-privatpersonen\/","title":{"rendered":"Gesti\u00f3n de riesgos para particulares"},"content":{"rendered":"<p>Como persona privada, especialmente si es un empresario o tiene el ojo puesto en mantener a su familia, corre riesgos que rara vez se consideran. Analizamos su potencial de riesgo, se lo mostramos despu\u00e9s y discutimos hasta qu\u00e9 punto se pueden limitar o eliminar los riesgos.<br \/>\nEn caso de ser necesario, tambi\u00e9n utilizamos especialistas externos, con quienes analizamos, entre otros, los siguientes temas:<br \/>\nProtecci\u00f3n de bienes en caso de muerte (sucesi\u00f3n legal y testamentaria)<br \/>\nProvisi\u00f3n de bienes en caso de separaci\u00f3n (consecuencias jur\u00eddicas de un divorcio, disoluci\u00f3n de una uni\u00f3n registrada, contratos de matrimonio, acuerdos sobre las consecuencias del divorcio)<br \/>\nGesti\u00f3n de riesgos de vida y peligros patrimoniales (protecci\u00f3n de riesgos para la familia en caso de invalidez, accidente, muerte y el impacto en las obligaciones corrientes, por ejemplo, financiaci\u00f3n inmobiliaria, pr\u00e9stamos comerciales, etc.)<br \/>\nUna vez realizado el an\u00e1lisis, podemos desarrollar conceptos de soluci\u00f3n junto con usted y, si es necesario, con un especialista de otras disciplinas para garantizar un &quot;camino tranquilo hacia su futuro&quot;.<\/p>","protected":false},"excerpt":{"rendered":"<p>Como particular, sobre todo si es empresario o se preocupa por mantener a su familia, est\u00e1 expuesto a riesgos en los que, por regla general, rara vez piensa. Analizamos su potencial de riesgo, se lo mostramos y analizamos en qu\u00e9 medida pueden limitarse o eliminarse los riesgos. Si es necesario, tambi\u00e9n utilizamos ... <\/p>\n<p class=\"link-more\"><a href=\"https:\/\/schmied.de\/es\/leistungen\/risc-management-fuer-privatpersonen\/\" class=\"more-link\">Seguir leyendo<span class=\"screen-reader-text\"> \"Gesti\u00f3n de riesgos para particulares\"<\/span><\/a><\/p>","protected":false},"author":1,"featured_media":0,"parent":24,"menu_order":0,"comment_status":"closed","ping_status":"closed","template":"","meta":{"footnotes":""},"class_list":["post-185","page","type-page","status-publish","hentry"],"_links":{"self":[{"href":"https:\/\/schmied.de\/es\/wp-json\/wp\/v2\/pages\/185","targetHints":{"allow":["GET"]}}],"collection":[{"href":"https:\/\/schmied.de\/es\/wp-json\/wp\/v2\/pages"}],"about":[{"href":"https:\/\/schmied.de\/es\/wp-json\/wp\/v2\/types\/page"}],"author":[{"embeddable":true,"href":"https:\/\/schmied.de\/es\/wp-json\/wp\/v2\/users\/1"}],"replies":[{"embeddable":true,"href":"https:\/\/schmied.de\/es\/wp-json\/wp\/v2\/comments?post=185"}],"version-history":[{"count":1,"href":"https:\/\/schmied.de\/es\/wp-json\/wp\/v2\/pages\/185\/revisions"}],"predecessor-version":[{"id":186,"href":"https:\/\/schmied.de\/es\/wp-json\/wp\/v2\/pages\/185\/revisions\/186"}],"up":[{"embeddable":true,"href":"https:\/\/schmied.de\/es\/wp-json\/wp\/v2\/pages\/24"}],"wp:attachment":[{"href":"https:\/\/schmied.de\/es\/wp-json\/wp\/v2\/media?parent=185"}],"curies":[{"name":"wp","href":"https:\/\/api.w.org\/{rel}","templated":true}]}}