{"id":191,"date":"2017-01-22T13:10:18","date_gmt":"2017-01-22T13:10:18","guid":{"rendered":"http:\/\/jsra.schmied.de\/?page_id=191"},"modified":"2022-02-12T17:37:24","modified_gmt":"2022-02-12T17:37:24","slug":"outsourcing-von-personal-steuer-und-rechtsabteilung","status":"publish","type":"page","link":"https:\/\/schmied.de\/es\/leistungen\/outsourcing-von-personal-steuer-und-rechtsabteilung\/","title":{"rendered":"Externalizaci\u00f3n del departamento de recursos humanos, fiscal y jur\u00eddico"},"content":{"rendered":"<p>\u00bfEres una peque\u00f1a o mediana empresa y no quieres o no puedes permitirte capacidades t\u00e9cnicas, personales y organizativas en el departamento de recursos humanos?<\/p>\n<p>Estamos disponibles aqu\u00ed para proporcionar una experiencia integral, incluso con un presupuesto limitado. En este contexto le ofrecemos:<\/p>\n<ul>\n<li>B\u00fasqueda de personal (reclutamiento) de acuerdo a sus ideas profesionales y personales<\/li>\n<li>redacci\u00f3n de contratos de trabajo,<\/li>\n<li>contabilidad de n\u00f3mina en curso y contabilidad de n\u00f3mina (incluidos los impuestos requeridos)<\/li>\n<li>y declaraciones de seguridad social, salarios de la construcci\u00f3n, mini trabajo, midi trabajo,<\/li>\n<li>Reportando a oficinas de empleo, jornada reducida)<\/li>\n<li>Ejecuci\u00f3n de proyectos de saneamiento, apercibimientos, terminaciones,<\/li>\n<li>Trato con las agencias de seguridad social<\/li>\n<li>Solicitudes de reembolso U1 y U2,<\/li>\n<li>gesti\u00f3n de cuentas de vacaciones,<\/li>\n<li>gesti\u00f3n de cuentas de tiempo de trabajo,<\/li>\n<li>Asistencia en procesos judiciales laborales y mucho m\u00e1s<\/li>\n<\/ul>\n\n\n<p>Obtienes ese cierto extra de nosotros. No solo la n\u00f3mina, sino tambi\u00e9n el asesoramiento legal y fiscal con visi\u00f3n de futuro. <\/p>","protected":false},"excerpt":{"rendered":"<p>\u00bfEs usted una peque\u00f1a o mediana empresa y no quiere o no puede permitirse las capacidades t\u00e9cnicas, de personal y organizativas del departamento de RRHH? Estamos a su disposici\u00f3n para ofrecerle una amplia experiencia incluso con un presupuesto limitado. En este contexto le ofrecemos Reclutamiento seg\u00fan sus necesidades profesionales y personales ... <\/p>\n<p class=\"link-more\"><a href=\"https:\/\/schmied.de\/es\/leistungen\/outsourcing-von-personal-steuer-und-rechtsabteilung\/\" class=\"more-link\">Seguir leyendo<span class=\"screen-reader-text\"> \"Externalizaci\u00f3n de los departamentos de RRHH, fiscal y jur\u00eddico\"<\/span><\/a><\/p>","protected":false},"author":1,"featured_media":0,"parent":24,"menu_order":0,"comment_status":"closed","ping_status":"closed","template":"","meta":{"footnotes":""},"class_list":["post-191","page","type-page","status-publish","hentry"],"_links":{"self":[{"href":"https:\/\/schmied.de\/es\/wp-json\/wp\/v2\/pages\/191","targetHints":{"allow":["GET"]}}],"collection":[{"href":"https:\/\/schmied.de\/es\/wp-json\/wp\/v2\/pages"}],"about":[{"href":"https:\/\/schmied.de\/es\/wp-json\/wp\/v2\/types\/page"}],"author":[{"embeddable":true,"href":"https:\/\/schmied.de\/es\/wp-json\/wp\/v2\/users\/1"}],"replies":[{"embeddable":true,"href":"https:\/\/schmied.de\/es\/wp-json\/wp\/v2\/comments?post=191"}],"version-history":[{"count":2,"href":"https:\/\/schmied.de\/es\/wp-json\/wp\/v2\/pages\/191\/revisions"}],"predecessor-version":[{"id":390,"href":"https:\/\/schmied.de\/es\/wp-json\/wp\/v2\/pages\/191\/revisions\/390"}],"up":[{"embeddable":true,"href":"https:\/\/schmied.de\/es\/wp-json\/wp\/v2\/pages\/24"}],"wp:attachment":[{"href":"https:\/\/schmied.de\/es\/wp-json\/wp\/v2\/media?parent=191"}],"curies":[{"name":"wp","href":"https:\/\/api.w.org\/{rel}","templated":true}]}}