{"id":20,"date":"2017-01-19T05:46:21","date_gmt":"2017-01-19T05:46:21","guid":{"rendered":"http:\/\/jsra.schmied.de\/?page_id=20"},"modified":"2017-01-21T16:23:07","modified_gmt":"2017-01-21T16:23:07","slug":"rechtsgebiete","status":"publish","type":"page","link":"https:\/\/schmied.de\/es\/rechtsgebiete\/","title":{"rendered":"areas del derecho"},"content":{"rendered":"<p>Nuestro bufete de abogados se enfoca en derecho comercial y privado. Esta es una de las competencias fundamentales <a href=\"http:\/\/jsra.schmied.de\/?page_id=133\">Ley de Empleo<\/a>, <a href=\"http:\/\/jsra.schmied.de\/?page_id=142\">ley de Impuesto<\/a>, <a href=\"http:\/\/jsra.schmied.de\/?page_id=151\">gesti\u00f3n de cuentas por cobrar<\/a>, <a href=\"http:\/\/jsra.schmied.de\/?page_id=137\">comercial<\/a> y <a href=\"http:\/\/jsra.schmied.de\/?page_id=137\">derecho Corporativo<\/a>, <a href=\"http:\/\/jsra.schmied.de\/?page_id=146\">TI y derecho de la competencia.<\/a><\/p>\n<p>Si no est\u00e1 seguro de si est\u00e1 en buenas manos con nosotros o c\u00f3mo se debe clasificar su problema legal, cont\u00e1ctenos. Discutimos sus inquietudes con usted y encontramos al consultor adecuado que pueda representarlo de manera \u00f3ptima.<\/p>\n<p>&nbsp;<\/p>","protected":false},"excerpt":{"rendered":"<p>Nuestro bufete est\u00e1 especializado en Derecho mercantil y privado. Nuestras principales competencias son el derecho laboral, el derecho fiscal, la gesti\u00f3n de cobros, el derecho mercantil y societario, el derecho inform\u00e1tico y el derecho de la competencia. Si no est\u00e1 seguro de estar en buenas manos con nosotros o de c\u00f3mo debe clasificarse su problema jur\u00eddico, p\u00f3ngase en contacto con nosotros. Discutiremos sus preocupaciones con usted y encontraremos la ... <\/p>\n<p class=\"link-more\"><a href=\"https:\/\/schmied.de\/es\/rechtsgebiete\/\" class=\"more-link\">Seguir leyendo<span class=\"screen-reader-text\"> \"\u00c1mbitos jur\u00eddicos\"<\/span><\/a><\/p>","protected":false},"author":1,"featured_media":0,"parent":0,"menu_order":0,"comment_status":"closed","ping_status":"closed","template":"","meta":{"footnotes":""},"class_list":["post-20","page","type-page","status-publish","hentry"],"_links":{"self":[{"href":"https:\/\/schmied.de\/es\/wp-json\/wp\/v2\/pages\/20","targetHints":{"allow":["GET"]}}],"collection":[{"href":"https:\/\/schmied.de\/es\/wp-json\/wp\/v2\/pages"}],"about":[{"href":"https:\/\/schmied.de\/es\/wp-json\/wp\/v2\/types\/page"}],"author":[{"embeddable":true,"href":"https:\/\/schmied.de\/es\/wp-json\/wp\/v2\/users\/1"}],"replies":[{"embeddable":true,"href":"https:\/\/schmied.de\/es\/wp-json\/wp\/v2\/comments?post=20"}],"version-history":[{"count":6,"href":"https:\/\/schmied.de\/es\/wp-json\/wp\/v2\/pages\/20\/revisions"}],"predecessor-version":[{"id":153,"href":"https:\/\/schmied.de\/es\/wp-json\/wp\/v2\/pages\/20\/revisions\/153"}],"wp:attachment":[{"href":"https:\/\/schmied.de\/es\/wp-json\/wp\/v2\/media?parent=20"}],"curies":[{"name":"wp","href":"https:\/\/api.w.org\/{rel}","templated":true}]}}