{"id":24,"date":"2017-01-19T05:46:38","date_gmt":"2017-01-19T05:46:38","guid":{"rendered":"http:\/\/jsra.schmied.de\/?page_id=24"},"modified":"2025-11-29T18:52:31","modified_gmt":"2025-11-29T18:52:31","slug":"leistungen","status":"publish","type":"page","link":"https:\/\/schmied.de\/es\/leistungen\/","title":{"rendered":"Servicios"},"content":{"rendered":"<p>A continuaci\u00f3n, le ofrecemos un extracto de nuestra gama de servicios. Si su requerimiento no est\u00e1 en la lista, por favor cont\u00e1ctenos. Por razones de claridad, nos hemos abstenido deliberadamente de mostrarle todos los servicios.<\/p>\n<p><a href=\"https:\/\/schmied.de\/es\/leistungen\/steuerrechtliche-leistungen\/\">Beneficios fiscales<\/a><\/p>\n<p><a href=\"https:\/\/schmied.de\/es\/rechtsgebiete\/arbeitsrecht\/\">Prestaciones del Derecho laboral<\/a><\/p>\n<p><a href=\"https:\/\/schmied.de\/es\/rechtsgebiete\/forderungsmanagement\/\">gesti\u00f3n de cuentas por cobrar<\/a><\/p>\n<p><a href=\"https:\/\/schmied.de\/es\/leistungen\/betriebswirtschaftliche-beratung\/\">asesoramiento economico<\/a>\u00a0<\/p>\n\n\n<p><a href=\"https:\/\/schmied.de\/es\/finanzbuchhaltung-digital\/\" data-type=\"page\" data-id=\"359\">contabilidad financiera<\/a>, tambi\u00e9n digitalmente y como base para el control y planificaci\u00f3n de su empresa<\/p>\n\n\n\n<p><a href=\"https:\/\/schmied.de\/es\/leistungen\/outsourcing-von-personal-steuer-und-rechtsabteilung\/\" data-type=\"page\" data-id=\"191\">n\u00f3mina de sueldos <\/a>como parte del departamento de recursos humanos subcontratado<\/p>\n\n\n\n<p><\/p>","protected":false},"excerpt":{"rendered":"<p>A continuaci\u00f3n, le ofrecemos una visi\u00f3n general de nuestra cartera de servicios. Si su requisito no est\u00e1 en la lista, no dude en ponerse en contacto con nosotros. Hemos decidido omitir todos los servicios para que sea m\u00e1s f\u00e1cil de entender. Servicios de derecho fiscal Servicios de derecho laboral Gesti\u00f3n de deudas asesoramiento econ\u00f3mico contabilidad financiera, tambi\u00e9n digital y como base para la gesti\u00f3n y planificaci\u00f3n de su empresa n\u00f3mina como... <\/p>\n<p class=\"link-more\"><a href=\"https:\/\/schmied.de\/es\/leistungen\/\" class=\"more-link\">Seguir leyendo<span class=\"screen-reader-text\"> &#8222;Servicios&#8220;<\/span><\/a><\/p>","protected":false},"author":1,"featured_media":0,"parent":0,"menu_order":0,"comment_status":"closed","ping_status":"closed","template":"","meta":{"footnotes":""},"class_list":["post-24","page","type-page","status-publish","hentry"],"_links":{"self":[{"href":"https:\/\/schmied.de\/es\/wp-json\/wp\/v2\/pages\/24","targetHints":{"allow":["GET"]}}],"collection":[{"href":"https:\/\/schmied.de\/es\/wp-json\/wp\/v2\/pages"}],"about":[{"href":"https:\/\/schmied.de\/es\/wp-json\/wp\/v2\/types\/page"}],"author":[{"embeddable":true,"href":"https:\/\/schmied.de\/es\/wp-json\/wp\/v2\/users\/1"}],"replies":[{"embeddable":true,"href":"https:\/\/schmied.de\/es\/wp-json\/wp\/v2\/comments?post=24"}],"version-history":[{"count":8,"href":"https:\/\/schmied.de\/es\/wp-json\/wp\/v2\/pages\/24\/revisions"}],"predecessor-version":[{"id":960,"href":"https:\/\/schmied.de\/es\/wp-json\/wp\/v2\/pages\/24\/revisions\/960"}],"wp:attachment":[{"href":"https:\/\/schmied.de\/es\/wp-json\/wp\/v2\/media?parent=24"}],"curies":[{"name":"wp","href":"https:\/\/api.w.org\/{rel}","templated":true}]}}