{"id":251,"date":"2018-06-09T15:13:43","date_gmt":"2018-06-09T15:13:43","guid":{"rendered":"http:\/\/jsra.schmied.de\/?page_id=251"},"modified":"2025-03-30T14:07:10","modified_gmt":"2025-03-30T14:07:10","slug":"datenschutzerklaerung","status":"publish","type":"page","link":"https:\/\/schmied.de\/es\/datenschutzerklaerung\/","title":{"rendered":"Protecci\u00f3n de Datos"},"content":{"rendered":"<p>Gracias por visitar nuestro sitio Web. No solo es importante para nosotros asesorarlo de manera integral y profunda. La protecci\u00f3n de su privacidad al recopilar y procesar datos personales tambi\u00e9n es importante para nosotros. Con la siguiente informaci\u00f3n, nos gustar\u00eda brindarle una descripci\u00f3n general del procesamiento de sus datos personales por parte de nosotros y sus derechos en virtud de la ley de protecci\u00f3n de datos.<\/p>\n<p>Procesamos los datos personales que recibimos como parte del uso de nuestro sitio web. Los datos que se procesan en detalle y c\u00f3mo se utilizan dependen en gran medida de los servicios solicitados o acordados, por lo que no todas las partes de esta informaci\u00f3n se aplicar\u00e1n a usted.<\/p>\n<p><strong>\u00bfQUI\u00c9N ES EL RESPONSABLE DEL TRATAMIENTO DE DATOS Y A QUI\u00c9N PUEDO CONTACTAR SI TENGO PREGUNTAS?<\/strong><br \/>\nEl responsable es Schmied Recht und Steuern Rechtsanwaltsgesellschaft mbH, representada por el director gerente y abogado Jan Schmied, M\u00f6rsenbroicher Weg 191, 40470 D\u00fcsseldorf, correo electr\u00f3nico ra@schmied.de.<\/p>\n<p><strong>\u00bfPARA QU\u00c9 TRATAMOS SUS DATOS (FINALIDAD DEL TRATAMIENTO) Y SOBRE QU\u00c9 BASE LEGAL?<\/strong><br \/>\nProcesamos datos personales de acuerdo con las disposiciones del Reglamento General de Protecci\u00f3n de Datos de la UE (GDPR) y la Ley Federal de Protecci\u00f3n de Datos (BDSG)<\/p>\n<p>a) para cumplir obligaciones contractuales (Art. 6 P\u00e1rr. 1 b RGPD)<br \/>\nEl procesamiento de datos puede tener lugar en el marco de la ejecuci\u00f3n de contratos con usted como nuestro cliente o para llevar a cabo medidas precontractuales.<\/p>\n<p>b) como parte del equilibrio de intereses (Art. 6 P\u00e1rr. 1 f GDPR)<br \/>\nSi es necesario, podemos procesar sus datos m\u00e1s all\u00e1 del cumplimiento real del contrato para proteger nuestros intereses leg\u00edtimos o los de terceros. Ejemplos:<br \/>\n&#8211; Examen y optimizaci\u00f3n de procedimientos para el an\u00e1lisis de necesidades con el fin de contacto directo con el cliente,<br \/>\n&#8211; Publicidad o estudios de mercado y de opini\u00f3n a menos que se haya opuesto al uso de sus datos,<br \/>\n&#8211; Afirmaci\u00f3n de reclamaciones legales y defensa en disputas legales,<br \/>\n&#8211; Garantizar la seguridad inform\u00e1tica y las operaciones inform\u00e1ticas de la empresa,<br \/>\nMedidas para la gesti\u00f3n empresarial y un mayor desarrollo de servicios y productos<\/p>\n<p>c) en base a su consentimiento (Art. 6 P\u00e1rr. 1 a RGPD)<br \/>\nSi nos ha dado su consentimiento para procesar datos personales para fines espec\u00edficos (por ejemplo, con fines de marketing, env\u00edo de boletines), este procesamiento es legal sobre la base de su consentimiento.<\/p>\n<p>d) debido a requisitos legales (Art. 6 P\u00e1rr. 1 c RGPD) o en el inter\u00e9s p\u00fablico (Art. 6 P\u00e1rr. 1 e RGPD)<br \/>\nAdem\u00e1s, estamos sujetos a diversas obligaciones legales, es decir, requisitos legales (por ejemplo, leyes fiscales). Los fines del procesamiento incluyen, entre otras cosas, el cumplimiento de las obligaciones de control e informaci\u00f3n fiscal y mucho m\u00e1s.<\/p>\n<p>e) como parte del establecimiento de una relaci\u00f3n laboral Art. 88 GDPR en conjunto con la Secci\u00f3n 26 (1) BDSG)<br \/>\nSi se aplica a nosotros, sus datos personales tambi\u00e9n pueden ser procesados.<\/p>\n<p><strong>\u00bfQU\u00c9 SIGNIFICA ESTO CON RESPECTO A LA PRESTACI\u00d3N DE ESTE SITIO WEB Y LOS SERVICIOS DISPONIBLES EN EL MISMO?<\/strong><\/p>\n<p><strong>PROVISI\u00d3N DEL SITIO WEB Y CREACI\u00d3N DE ARCHIVOS DE LOG<\/strong><br \/>\nCada vez que se accede a nuestro sitio web, nuestro sistema recopila autom\u00e1ticamente datos e informaci\u00f3n del sistema inform\u00e1tico de la computadora que accede. Aqu\u00ed se recogen los siguientes datos:<br \/>\n&#8211; Informaci\u00f3n sobre el tipo de navegador y la versi\u00f3n utilizada<br \/>\nel sistema operativo del usuario<br \/>\n&#8211; el proveedor de servicios de internet del usuario<br \/>\nla direcci\u00f3n IP del usuario<br \/>\n&#8211; Fecha y hora de acceso<br \/>\n&#8211; Sitios web desde los cuales el sistema del usuario accede a nuestro sitio web<br \/>\n&#8211; Sitios web a los que accede el sistema del usuario a trav\u00e9s de nuestro sitio web<\/p>\n<p>Los datos tambi\u00e9n se almacenan en los archivos de registro de nuestro sistema. Estos datos no se almacenan junto con otros datos personales del usuario. La base legal para el almacenamiento temporal de datos en archivos de registro es el art\u00edculo 6, p\u00e1rrafo 1, letra f del RGPD. El almacenamiento temporal de la direcci\u00f3n IP por parte del sistema es necesario para permitir la entrega del sitio web a la computadora del usuario. A estos efectos, la direcci\u00f3n IP del usuario deber\u00e1 permanecer almacenada mientras dure la sesi\u00f3n. El almacenamiento en archivos de registro tiene lugar para garantizar la funcionalidad del sitio web. Adem\u00e1s, utilizamos los datos para optimizar el sitio web y garantizar la seguridad de nuestros sistemas de tecnolog\u00eda de la informaci\u00f3n. En este contexto no se realiza una evaluaci\u00f3n de los datos con fines de marketing. Estos fines representan nuestro inter\u00e9s leg\u00edtimo en el procesamiento de datos de acuerdo con el art\u00edculo 6 (1) (f) GDPR. Los datos se eliminar\u00e1n tan pronto como ya no sean necesarios para lograr el prop\u00f3sito para el que fueron recopilados. En el caso de la recopilaci\u00f3n de datos para la provisi\u00f3n del sitio web, esto ocurre cuando la sesi\u00f3n respectiva ha finalizado.<br \/>\nLa recopilaci\u00f3n de datos para la provisi\u00f3n del sitio web y el almacenamiento de los datos en archivos de registro es absolutamente necesaria para el funcionamiento del sitio web. En consecuencia, no existe posibilidad de oposici\u00f3n por parte del usuario.<\/p>\n<p><strong><span style=\"font-size: 1rem;\">COOKIES Y TECNOLOG\u00cdAS SIMILARES<\/span><\/strong><br \/>\nCuando visitas nuestro sitio web, utilizamos cookies. Las cookies son archivos de texto que se archivan y guardan en un sistema inform\u00e1tico a trav\u00e9s de un navegador de Internet. Utilizamos estas cookies como un medio t\u00e9cnico para proporcionar servicios y garantizar funciones en nuestros sitios web, as\u00ed como para analizar el comportamiento de nuestros visitantes en el sitio web y, en base a esto, hacer que nuestra oferta sea f\u00e1cil de usar, efectiva y segura. Tambi\u00e9n podemos utilizar otras t\u00e9cnicas, como p\u00edxeles de seguimiento, para este fin.<\/p>\n<p><strong>COOKIES T\u00c9CNICAMENTE NECESARIAS<\/strong><br \/>\nEntre otras cosas, utilizamos cookies t\u00e9cnicamente necesarias. Estos son aquellos que solo se requieren para recopilar cierta informaci\u00f3n en nuestros sitios web con el fin de proporcionar un servicio solicitado o deseado por usted como usuario. Los siguientes datos se almacenan y transmiten en las cookies:<\/p>\n<p>-Ajustes de idioma<br \/>\n-Datos en la lista de descargas<br \/>\n-Informaci\u00f3n Entrar<br \/>\n- ID de sesi\u00f3n<\/p>\n<p>Como parte del uso de cookies t\u00e9cnicamente necesarias, procesamos sus datos personales de acuerdo con el Art\u00edculo 6 (1) (f) GDPR. Las cookies t\u00e9cnicamente necesarias se utilizan con el fin de facilitarle el uso de nuestro sitio web. Algunas funciones de nuestro sitio web no se pueden ofrecer sin el uso de cookies. Para ello es necesario que el navegador sea reconocido incluso despu\u00e9s de un cambio de p\u00e1gina. Los datos de usuario recopilados por las cookies t\u00e9cnicamente necesarias no se utilizan para crear perfiles de usuario.<\/p>\n<p>Las cookies se almacenan en su computadora y se transmiten a nuestro sitio. Por lo tanto, como usuario, tienes control total sobre el uso de cookies. Al cambiar la configuraci\u00f3n de su navegador de Internet, puede desactivar o restringir la transmisi\u00f3n de cookies. Las cookies que ya se han guardado se pueden eliminar en cualquier momento. Esto tambi\u00e9n se puede hacer autom\u00e1ticamente. Si se desactivan las cookies para nuestro sitio web, es posible que ya no sea posible utilizar todas las funciones del sitio web en toda su extensi\u00f3n.<\/p>\n<p><strong>OTRAS COOKIES Y HERRAMIENTAS, POR EJEMPLO COMO SERVICIOS DE AN\u00c1LISIS DE SITIOS WEB<\/strong><br \/>\nTambi\u00e9n utilizamos cookies que no son t\u00e9cnicamente necesarias pero que, por ejemplo, reflejan un an\u00e1lisis de su comportamiento de navegaci\u00f3n.<br \/>\nEstas herramientas tambi\u00e9n utilizan cookies. Los siguientes datos se pueden transmitir de esta manera: (p. ej.) t\u00e9rminos de b\u00fasqueda ingresados, frecuencia de visitas a la p\u00e1gina y uso de las funciones del sitio web. Los datos recopilados de esta manera se seudonimizan utilizando precauciones t\u00e9cnicas. Por lo tanto, ya no es posible asignar los datos al usuario que llama. Los datos no se almacenan junto con otros datos personales del usuario. Cuando visite nuestro sitio web, se le informar\u00e1 mediante un banner informativo sobre el uso de cookies con fines de an\u00e1lisis y se le remitir\u00e1 a esta declaraci\u00f3n de protecci\u00f3n de datos. En este contexto, tambi\u00e9n hay una referencia a c\u00f3mo se puede evitar el almacenamiento de cookies en la configuraci\u00f3n del navegador.<\/p>\n<p>Las cookies de an\u00e1lisis se utilizan para mejorar la calidad de nuestro sitio web y su contenido. Mediante el uso de cookies de an\u00e1lisis, aprendemos c\u00f3mo se utiliza el sitio web y, por lo tanto, podemos optimizar constantemente nuestra oferta. Estos fines justifican nuestro inter\u00e9s leg\u00edtimo en el procesamiento de sus datos personales de acuerdo con el Art\u00edculo 6 (1) (f) GDPR.<\/p>\n<p>Las cookies se almacenan en su computadora y se transmiten a nuestro sitio. Por lo tanto, como usuario, tienes control total sobre el uso de cookies. Al cambiar la configuraci\u00f3n de su navegador de Internet, puede desactivar o restringir la transmisi\u00f3n de cookies. Las cookies que ya se han guardado se pueden eliminar en cualquier momento. Esto tambi\u00e9n se puede hacer autom\u00e1ticamente. Si se desactivan las cookies para nuestro sitio web, es posible que ya no sea posible utilizar todas las funciones del sitio web en toda su extensi\u00f3n.<\/p>\n<p><strong>JUPUS<\/strong><br \/>\nUtilizamos la aplicaci\u00f3n \"JUPUS\" de JUPUS GmbH, Kuhgasse 4, 53505 Berg, con el fin de proporcionar el asistente digital para el registro de informaci\u00f3n y documentos al establecer contacto y mandatos, para el registro de informaci\u00f3n adicional espec\u00edfica del caso y para la creaci\u00f3n de los archivos correspondientes asociados a usted en nuestro sistema organizativo. Los datos en cuesti\u00f3n son sus datos de contacto como nombre, direcci\u00f3n, direcci\u00f3n de correo electr\u00f3nico, n\u00famero de tel\u00e9fono y los dem\u00e1s datos que introduzca en JUPUS. Tambi\u00e9n se procesan el lugar y la hora de uso de JUPUS. Sus datos no se transmitir\u00e1n a terceros y el procesamiento de datos en relaci\u00f3n con JUPUS tiene lugar exclusivamente en Alemania. Hemos celebrado un contrato de procesamiento de pedidos con JUPUS, que garantiza la seguridad del procesamiento de sus datos personales. Adem\u00e1s, hemos obligado a JUPUS a cumplir todos los requisitos de secreto profesional aplicables a nosotros como abogados. La base jur\u00eddica para el uso de JUPUS es el art. 6 p\u00e1rr. 1 lit. b GDPR. Al proporcionar un asistente digital para registrar la informaci\u00f3n que necesitamos para validar una posible relaci\u00f3n contractual (relaci\u00f3n de cliente) con usted y procesar los datos que introduzca con este fin, cumplimos una obligaci\u00f3n precontractual con usted.<\/p>\n<p><b>GOOGLE ANALITICO<br \/>\n<\/b>Este sitio web utiliza Google Analytics, incluidas las funciones publicitarias de Google Analytics. Este es un servicio de an\u00e1lisis web proporcionado por Google Inc. (&quot;Google&quot;). Google Analytics solo se utiliza con la anonimizaci\u00f3n de IP activada (el llamado enmascaramiento de IP). Esto significa que la direcci\u00f3n IP de los usuarios de Google se acorta dentro de los estados miembros de la Uni\u00f3n Europea o en otros estados contratantes del Acuerdo sobre el Espacio Econ\u00f3mico Europeo. Solo en casos excepcionales, por ejemplo, si hay fallas t\u00e9cnicas en Europa, la direcci\u00f3n IP completa se enviar\u00e1 a un servidor de Google en los EE. UU. y se acortar\u00e1 all\u00ed. Con el m\u00e9todo de anonimizaci\u00f3n de IP utilizado por Google, la direcci\u00f3n IP completa nunca se escribe en el disco, ya que toda la anonimizaci\u00f3n ocurre en la memoria casi inmediatamente despu\u00e9s de recibir la solicitud. La direcci\u00f3n IP transmitida por el navegador del usuario no se fusiona con otros datos de Google.<\/p>\n<p>En nombre del operador de este sitio web, Google utilizar\u00e1 esta informaci\u00f3n para evaluar su uso del sitio web, recopilar informes sobre la actividad del sitio web y proporcionar otros servicios relacionados con la actividad del sitio web y el uso de Internet, en particular funciones para mostrar publicidad y Google Analytics. informes Para proporcionar servicios al operador del sitio web de acuerdo con caracter\u00edsticas e intereses demogr\u00e1ficos. Google tambi\u00e9n puede transferir esta informaci\u00f3n a terceros si as\u00ed lo requiere la ley o si los terceros procesan estos datos en nombre de Google. En ning\u00fan caso se tratar\u00e1 de datos personales. En los informes de rendimiento de Google Analytics basados en caracter\u00edsticas demogr\u00e1ficas e intereses, se utilizan datos obtenidos de Google a trav\u00e9s de publicidad basada en intereses y datos de visitantes de proveedores externos (como grupos de edad o grupos de inter\u00e9s). Puede evitar el almacenamiento de cookies configurando el software de su navegador en consecuencia; sin embargo, nos gustar\u00eda se\u00f1alarle que en este caso, si corresponde, no podr\u00e1 utilizar todas las funciones de este sitio web en su totalidad. Tambi\u00e9n puede evitar que Google recopile los datos generados por la cookie y relacionados con su uso del sitio web (incluida su direcci\u00f3n IP) y que Google procese estos datos descargando e instalando el complemento del navegador disponible en el siguiente enlace: <a href=\"https:\/\/tools.google.com\/dlpage\/gaoptout?hl=de\">tools.google.com\/dlpage\/gaoptout<\/a><\/p>\n<p>Puede encontrar m\u00e1s informaci\u00f3n sobre las condiciones de uso y la protecci\u00f3n de datos en https:\/\/www.google.de\/analytics\/terms\/de.html o en <a href=\"https:\/\/www.google.de\/intl\/de\/policies\/\">https:\/\/www.google.de\/intl\/de\/policies\/<\/a>.<\/p>\n<p><b>\u00bfQU\u00c9 DERECHOS PUEDE HACER?<\/b><\/p>\n<p>Todo interesado tiene derecho a la informaci\u00f3n en virtud del art\u00edculo 15 del RGPD, derecho de rectificaci\u00f3n en el art\u00edculo 16 del RGPD, derecho de supresi\u00f3n en el art\u00edculo 17 del RGPD, derecho a la limitaci\u00f3n del tratamiento en el art\u00edculo 18 del RGPD, derecho de oposici\u00f3n en el art\u00edculo 21 del RGPD y el derecho a la portabilidad de datos en virtud del art\u00edculo 20 del RGPD. Las restricciones de los \u00a7\u00a7 34 y 35 BDSG se aplican al derecho a la informaci\u00f3n y al derecho de supresi\u00f3n. Adem\u00e1s, existe el derecho de recurso ante una autoridad supervisora de protecci\u00f3n de datos competente (art\u00edculo 77 del RGPD junto con el art\u00edculo 19 de la BDSG).<\/p>\n<p>Puede revocar su consentimiento para el procesamiento de datos personales en cualquier momento. Esto tambi\u00e9n se aplica a la revocaci\u00f3n de las declaraciones de consentimiento que se nos dieron antes de la entrada en vigor del RGPD, es decir, antes del 25 de mayo de 2018. Tenga en cuenta que la revocaci\u00f3n solo se aplica en el futuro. El procesamiento que tuvo lugar antes de la revocaci\u00f3n no se ve afectado.<\/p>\n<p><b>GESTI\u00d3N DE SOLICITANTES<\/b><\/p>\n<p>\u00bfLe gustar\u00eda aplicar a nosotros? Estaremos encantados de que nos env\u00ede su solicitud por correo electr\u00f3nico.<\/p>\n<p>Como parte de la gesti\u00f3n de candidatos, procesamos los datos personales que nos proporciona para iniciar una relaci\u00f3n laboral sobre la base del art\u00edculo 88 del RGPD junto con el art. \u00a7 26 p\u00e1rrafo 1 BDSG. Alternativamente, convenios colectivos (acuerdos de grupo, generales y de empresa, as\u00ed como convenios colectivos) de acuerdo con el art\u00edculo 88 del RGPD en conjunto con la secci\u00f3n 26 (4) BDSG y consentimiento (por ejemplo, para fotograf\u00edas) de acuerdo con el art\u00edculo 88 del RGPD en conjunto con Se puede utilizar la Secci\u00f3n 26 (2) BDSG. En casos individuales, procesamos sus datos para proteger intereses leg\u00edtimos, por ejemplo, en el caso del intercambio de datos dentro del grupo con fines administrativos (Art. 6 P\u00e1rr. 1 f GDPR en conjunto con el considerando 48). En la medida en que se procesen categor\u00edas especiales de datos personales (por ejemplo, discapacidades graves), esto se hace sobre la base del Art. 88 RGPD en conjunto con la Secci\u00f3n 26 (3) BDSG. Adem\u00e1s, el procesamiento de datos de salud puede ser necesario para evaluar su capacidad para trabajar de conformidad con el art\u00edculo 9, p\u00e1rrafo 2 h), en relaci\u00f3n con el art\u00edculo 22, p\u00e1rrafo 1 b), BDSG.<\/p>\n<p>Procesamos y almacenamos sus datos personales durante el tiempo que sea necesario para cumplir con los fines del procesamiento de datos o las obligaciones legales, contractuales o legales. Posteriormente, los datos ser\u00e1n eliminados o se restringir\u00e1 su procesamiento. En caso de que no se establezca una relaci\u00f3n laboral despu\u00e9s de que se haya completado el proceso de solicitud, eliminaremos sus datos a m\u00e1s tardar 3 a\u00f1os despu\u00e9s de que se haya completado el proceso de solicitud. Despu\u00e9s de la expiraci\u00f3n del per\u00edodo de prescripci\u00f3n regular de 3 a\u00f1os seg\u00fan \u00a7 195 BGB, este es el momento en el que prescribir\u00e1n las reclamaciones seg\u00fan la Ley General de Igualdad de Trato (AGG). Si queremos almacenar su solicitud en el llamado &quot;grupo de solicitantes&quot; durante un per\u00edodo superior a 3 a\u00f1os, le pediremos que lo haga despu\u00e9s de los tres a\u00f1os a modo de consentimiento.<\/p>\n<p>Por supuesto, tambi\u00e9n puede retirar su solicitud en cualquier momento. En este caso, sus datos tambi\u00e9n se eliminar\u00e1n si ya no son necesarios para lograr el prop\u00f3sito para el que fueron recopilados. Para ello basta con enviarnos un correo electr\u00f3nico con el contenido adecuado. La revocaci\u00f3n de cualquier consentimiento prestado tambi\u00e9n es posible en cualquier momento.<\/p>\n<p><b>INFORMACI\u00d3N SOBRE SU DERECHO DE OPOSICI\u00d3N DE CONFORMIDAD CON EL ART\u00cdCULO 21 RGPD<\/b><\/p>\n<p><b>Derecho individual de oposici\u00f3n<\/b><\/p>\n<p>Tiene derecho, por motivos derivados de su situaci\u00f3n particular, a oponerse en cualquier momento al procesamiento de sus datos personales, que se basa en el art\u00edculo 6, p\u00e1rrafo 1, letra e del RGPD (procesamiento de datos en inter\u00e9s p\u00fablico) y el art\u00edculo 6, p\u00e1rrafo 1 lit.f GDPR (procesamiento de datos sobre la base de un equilibrio de intereses) tiene lugar para objetar; esto tambi\u00e9n se aplica a la elaboraci\u00f3n de perfiles basada en esta disposici\u00f3n en el sentido del art\u00edculo 4, n.\u00ba 4 del RGPD.<\/p>\n<p>Si presenta una objeci\u00f3n, ya no procesaremos sus datos personales a menos que podamos demostrar motivos leg\u00edtimos convincentes para el procesamiento que superen sus intereses, derechos y libertades, o el procesamiento sirva para hacer valer, ejercer o defender reclamos legales.<\/p>\n<p><b>destinatario de la objeci\u00f3n<\/b><\/p>\n<p>La objeci\u00f3n se puede realizar de manera informal con el asunto &quot;Objeci\u00f3n&quot; indicando su nombre, su direcci\u00f3n y su fecha de nacimiento y debe dirigirse a: RA Jan Schmied<\/p>\n<p>Nota personal:<\/p>\n<p>No estoy demasiado contento con las regulaciones de GDPR, ya que afectan a las peque\u00f1as y medianas empresas. Si tiene alguna pregunta, no dude en ponerse en contacto conmigo. Asumo que estos seguramente ser\u00e1n aclarados y resueltos r\u00e1pidamente en una conversaci\u00f3n personal.<\/p>","protected":false},"excerpt":{"rendered":"<p>Gracias por visitar nuestro sitio Web. No solo es importante para nosotros asesorarlo de manera integral y profunda. La protecci\u00f3n de su privacidad al recopilar y procesar datos personales tambi\u00e9n es importante para nosotros. Con la siguiente informaci\u00f3n, nos gustar\u00eda ofrecerle una descripci\u00f3n general del procesamiento de sus datos personales por parte de nosotros... <\/p>\n<p class=\"link-more\"><a href=\"https:\/\/schmied.de\/es\/datenschutzerklaerung\/\" class=\"more-link\">Seguir leyendo<span class=\"screen-reader-text\"> &#8222;Pol\u00edtica de privacidad&#8220;<\/span><\/a><\/p>","protected":false},"author":1,"featured_media":0,"parent":0,"menu_order":0,"comment_status":"closed","ping_status":"closed","template":"","meta":{"footnotes":""},"class_list":["post-251","page","type-page","status-publish","hentry"],"_links":{"self":[{"href":"https:\/\/schmied.de\/es\/wp-json\/wp\/v2\/pages\/251","targetHints":{"allow":["GET"]}}],"collection":[{"href":"https:\/\/schmied.de\/es\/wp-json\/wp\/v2\/pages"}],"about":[{"href":"https:\/\/schmied.de\/es\/wp-json\/wp\/v2\/types\/page"}],"author":[{"embeddable":true,"href":"https:\/\/schmied.de\/es\/wp-json\/wp\/v2\/users\/1"}],"replies":[{"embeddable":true,"href":"https:\/\/schmied.de\/es\/wp-json\/wp\/v2\/comments?post=251"}],"version-history":[{"count":4,"href":"https:\/\/schmied.de\/es\/wp-json\/wp\/v2\/pages\/251\/revisions"}],"predecessor-version":[{"id":875,"href":"https:\/\/schmied.de\/es\/wp-json\/wp\/v2\/pages\/251\/revisions\/875"}],"wp:attachment":[{"href":"https:\/\/schmied.de\/es\/wp-json\/wp\/v2\/media?parent=251"}],"curies":[{"name":"wp","href":"https:\/\/api.w.org\/{rel}","templated":true}]}}