{"id":28,"date":"2017-01-19T05:46:59","date_gmt":"2017-01-19T05:46:59","guid":{"rendered":"http:\/\/jsra.schmied.de\/?page_id=28"},"modified":"2017-01-19T16:13:05","modified_gmt":"2017-01-19T16:13:05","slug":"kanzlei","status":"publish","type":"page","link":"https:\/\/schmied.de\/es\/kanzlei\/","title":{"rendered":"canciller\u00eda"},"content":{"rendered":"<p>Nuestro bufete de abogados es f\u00e1cilmente accesible en D\u00fcsseldorf-M\u00f6rsenbroich en &#8222;B\u00fcropark M\u00f6rsenbroich&#8220;. Estamos equipados con la \u00faltima tecnolog\u00eda, utilizamos productos DATEV para software fiscal y legal, y contamos con locales en los que no solo podemos realizar reuniones personales y privadas, sino tambi\u00e9n implementar eventos para hasta 30 participantes. Somos amigables con los animales, especialmente con los perros, con nosotros siempre encontrar\u00e1 su contacto personal y no se perder\u00e1 en un gran bufete de abogados an\u00f3nimo.<\/p>","protected":false},"excerpt":{"rendered":"<p>Nuestro bufete de abogados es f\u00e1cilmente accesible en D\u00fcsseldorf-M\u00f6rsenbroich en &#8222;B\u00fcropark M\u00f6rsenbroich&#8220;. Estamos equipados con la \u00faltima tecnolog\u00eda, utilizamos productos DATEV para software fiscal y legal, y contamos con locales en los que no solo podemos realizar reuniones personales y privadas, sino tambi\u00e9n implementar eventos para hasta 30 participantes. Somos pet friendly, especialmente dog friendly, con nosotros... <\/p>\n<p class=\"link-more\"><a href=\"https:\/\/schmied.de\/es\/kanzlei\/\" class=\"more-link\">Seguir leyendo<span class=\"screen-reader-text\"> &#8222;Oficina&#8220;<\/span><\/a><\/p>","protected":false},"author":1,"featured_media":0,"parent":0,"menu_order":0,"comment_status":"closed","ping_status":"closed","template":"","meta":{"footnotes":""},"class_list":["post-28","page","type-page","status-publish","hentry"],"_links":{"self":[{"href":"https:\/\/schmied.de\/es\/wp-json\/wp\/v2\/pages\/28","targetHints":{"allow":["GET"]}}],"collection":[{"href":"https:\/\/schmied.de\/es\/wp-json\/wp\/v2\/pages"}],"about":[{"href":"https:\/\/schmied.de\/es\/wp-json\/wp\/v2\/types\/page"}],"author":[{"embeddable":true,"href":"https:\/\/schmied.de\/es\/wp-json\/wp\/v2\/users\/1"}],"replies":[{"embeddable":true,"href":"https:\/\/schmied.de\/es\/wp-json\/wp\/v2\/comments?post=28"}],"version-history":[{"count":3,"href":"https:\/\/schmied.de\/es\/wp-json\/wp\/v2\/pages\/28\/revisions"}],"predecessor-version":[{"id":351,"href":"https:\/\/schmied.de\/es\/wp-json\/wp\/v2\/pages\/28\/revisions\/351"}],"wp:attachment":[{"href":"https:\/\/schmied.de\/es\/wp-json\/wp\/v2\/media?parent=28"}],"curies":[{"name":"wp","href":"https:\/\/api.w.org\/{rel}","templated":true}]}}