{"id":32,"date":"2017-01-19T05:47:16","date_gmt":"2017-01-19T05:47:16","guid":{"rendered":"http:\/\/jsra.schmied.de\/?page_id=32"},"modified":"2025-11-29T18:39:44","modified_gmt":"2025-11-29T18:39:44","slug":"kontakt","status":"publish","type":"page","link":"https:\/\/schmied.de\/es\/kontakt\/","title":{"rendered":"Contacto"},"content":{"rendered":"<p><em><strong>Oficina de D\u00fcsseldorf<\/strong><\/em><\/p>\n<p><strong>direccion postal<\/strong><br \/>Moersenbroicher Weg 191, D-40470 D\u00fcsseldorf<\/p>\n<p><strong>tel\u00e9fono \/ fax<\/strong><br \/>+49 (211) 78 177 140 \/ +49 (211) 78 177 144<\/p>\n<p>\u00a0<\/p>\n<p><em><strong>Oficina de Solingen<\/strong><\/em><\/p>\n<p><strong>direccion postal<br \/><\/strong>Dunkelnberger Str. 39, D-42697 Solingen<\/p>\n<p><strong style=\"font-size: revert;\">tel\u00e9fono \/ fax<\/strong><\/p>\n<p>+49 (212) 25 08 91 00\u00a0 \/ +49 (212) 25 08 91 01<\/p>\n<p><strong>Correo \/ Internet<\/strong><br \/>jsra@schmied.de \/ www.schmied.de<br \/>kontakt@srgteam.de \/ www.srgteam.de<\/p>\n\n\n<p><\/p>","protected":false},"excerpt":{"rendered":"<p>Oficina de D\u00fcsseldorf Direcci\u00f3n postalM\u00f6rsenbroicher Weg 191, D-40470 D\u00fcsseldorf Tel\u00e9fono \/ Fax+49 (211) 78 177 140 \/ +49 (211) 78 177 144 Oficina de Solingen Direcci\u00f3n postalDunkelnberger Str. 39, D-42697 Solingen Tel\u00e9fono \/ Fax +49 (212) 25 08 91 00 \/ +49 (212) 25 08 91 01 Mail \/ Internetjsra@schmied.de \/ www.schmied.dekontakt@srgteam.de \/ www.srgteam.de<\/p>","protected":false},"author":1,"featured_media":0,"parent":0,"menu_order":5,"comment_status":"closed","ping_status":"closed","template":"","meta":{"footnotes":""},"class_list":["post-32","page","type-page","status-publish","hentry"],"_links":{"self":[{"href":"https:\/\/schmied.de\/es\/wp-json\/wp\/v2\/pages\/32","targetHints":{"allow":["GET"]}}],"collection":[{"href":"https:\/\/schmied.de\/es\/wp-json\/wp\/v2\/pages"}],"about":[{"href":"https:\/\/schmied.de\/es\/wp-json\/wp\/v2\/types\/page"}],"author":[{"embeddable":true,"href":"https:\/\/schmied.de\/es\/wp-json\/wp\/v2\/users\/1"}],"replies":[{"embeddable":true,"href":"https:\/\/schmied.de\/es\/wp-json\/wp\/v2\/comments?post=32"}],"version-history":[{"count":6,"href":"https:\/\/schmied.de\/es\/wp-json\/wp\/v2\/pages\/32\/revisions"}],"predecessor-version":[{"id":952,"href":"https:\/\/schmied.de\/es\/wp-json\/wp\/v2\/pages\/32\/revisions\/952"}],"wp:attachment":[{"href":"https:\/\/schmied.de\/es\/wp-json\/wp\/v2\/media?parent=32"}],"curies":[{"name":"wp","href":"https:\/\/api.w.org\/{rel}","templated":true}]}}