{"id":359,"date":"2022-01-17T11:10:33","date_gmt":"2022-01-17T11:10:33","guid":{"rendered":"http:\/\/jsra.schmied.de\/?page_id=359"},"modified":"2022-01-17T11:13:42","modified_gmt":"2022-01-17T11:13:42","slug":"finanzbuchhaltung-digital","status":"publish","type":"page","link":"https:\/\/schmied.de\/es\/finanzbuchhaltung-digital\/","title":{"rendered":"contabilidad financiera digital"},"content":{"rendered":"<p>Creamos tu contabilidad financiera de forma digital, r\u00e1pida y econ\u00f3mica. Como socio de DATEV eG, le ofrecemos contabilidad financiera totalmente digital con empresas en l\u00ednea. <\/p>\n\n\n\n<p>\u00bfComo funciona? Por favor pregunte inmediatamente <a rel=\"noreferrer noopener\" href=\"https:\/\/www.datev.de\/web\/de\/m\/ueber-datev\/datev-im-web\/datev-von-a-z\/digitale-buchhaltung\/\" data-type=\"URL\" data-id=\"https:\/\/www.datev.de\/web\/de\/m\/ueber-datev\/datev-im-web\/datev-von-a-z\/digitale-buchhaltung\/\" target=\"_blank\">p\u00e1ginas de DATEV<\/a> por ejemplo, sobre las posibilidades del proceso. Solo tienes que proporcionarnos los bonos de reserva digitalmente y nosotros haremos el resto. <\/p>\n\n\n\n<ol class=\"wp-block-list\"><li>\u00bfQu\u00e9 necesitas para esto? <br>Un smartphone, nada m\u00e1s.<br><br><\/li><li>\u00bfC\u00f3mo puedo proporcionar recibos?<br>Con la aplicaci\u00f3n DATEV, puede tomar fotos de los recibos y subirlos a la plataforma en l\u00ednea de la empresa con su tel\u00e9fono inteligente. \u00a1Acabado! Por supuesto, tambi\u00e9n tiene opciones de acceso a trav\u00e9s de un portal en l\u00ednea. El recibo tambi\u00e9n se puede cargar a trav\u00e9s de este portal (si el recibo est\u00e1 escaneado) o por correo electr\u00f3nico (si el recibo ya se recibi\u00f3 digitalmente de un tercero).<br><br><\/li><li>\u00bfQu\u00e9 sucede una vez que subo los recibos?<br>Ahora recibimos un mensaje sobre el nuevo recibo, podemos procesarlo y luego proporcionarle evaluaciones comerciales (BWA) en cualquier forma deseada una vez que se complete la contabilidad. <br><br><\/li><li>\u00bfPuedo revisar los recibos una vez que los he subido? <br>Puede recuperar todos los recibos (si desea volver a consultarlos). Y si lo desea, tambi\u00e9n puede utilizar las empresas en l\u00ednea para crear facturas usted mismo, manejar pagos y transacciones bancarias o administrar datos maestros para sus clientes y proveedores. <br><br><\/li><li>\u00bfY cu\u00e1les son los costos?  <br>Le pediremos informaci\u00f3n b\u00e1sica y luego le haremos una oferta no vinculante. Por favor ll\u00e1menos sobre esto <strong>(+49 211 78 177 140)<\/strong> o escr\u00edbenos un correo electr\u00f3nico <strong>(jsra@schmied.de)<\/strong>.<br><br><\/li><li>\u00bfCu\u00e1les son las ventajas de la contabilidad financiera digital?<br>Reduce su esfuerzo de administraci\u00f3n, porque no tiene que &#8222;carpeta de contabilidad&#8220; Haz mas. Adem\u00e1s, ya no pierde tiempo intercambiando documentos, todos los documentos est\u00e1n siempre en el sitio. Todos sus datos est\u00e1n disponibles sobre la marcha, puede trabajar y ver sus datos desde cualquier parte del mundo. <span style=\"font-size: 1rem;\">Sus documentos se pueden encontrar en cualquier momento a trav\u00e9s de una b\u00fasqueda de texto completo, sin tener que buscar sus carpetas en el archivo durante mucho tiempo<\/span>. Y por \u00faltimo, pero no menos importante: sus datos no solo se procesar\u00e1n de acuerdo con las normas de protecci\u00f3n de datos y los principios de contabilidad correcta, sino que tambi\u00e9n se archivar\u00e1n. <br><br><br><strong>\u00bfTe hemos hecho sentir curiosidad? \u00a1Entonces no dude en contactarnos con sus preguntas!<\/strong><\/li><\/ol>\n\n\n\n<p><\/p>\n\n\n\n<p> <\/p>","protected":false},"excerpt":{"rendered":"<p>Creamos tu contabilidad financiera de forma digital, r\u00e1pida y econ\u00f3mica. Como socio de DATEV eG, le ofrecemos contabilidad financiera totalmente digital con empresas en l\u00ednea. \u00bfComo funciona? Le invitamos a informarse directamente en el lado de DATEV eG sobre las posibilidades del proceso. Todo lo que tienes que hacer es proporcionarnos los bonos de reserva digitalmente, y nosotros haremos el resto. ... <\/p>\n<p class=\"link-more\"><a href=\"https:\/\/schmied.de\/es\/finanzbuchhaltung-digital\/\" class=\"more-link\">Seguir leyendo<span class=\"screen-reader-text\"> &#8222;Contabilidad financiera digital&#8220;<\/span><\/a><\/p>","protected":false},"author":1,"featured_media":0,"parent":0,"menu_order":0,"comment_status":"closed","ping_status":"closed","template":"","meta":{"footnotes":""},"class_list":["post-359","page","type-page","status-publish","hentry"],"_links":{"self":[{"href":"https:\/\/schmied.de\/es\/wp-json\/wp\/v2\/pages\/359","targetHints":{"allow":["GET"]}}],"collection":[{"href":"https:\/\/schmied.de\/es\/wp-json\/wp\/v2\/pages"}],"about":[{"href":"https:\/\/schmied.de\/es\/wp-json\/wp\/v2\/types\/page"}],"author":[{"embeddable":true,"href":"https:\/\/schmied.de\/es\/wp-json\/wp\/v2\/users\/1"}],"replies":[{"embeddable":true,"href":"https:\/\/schmied.de\/es\/wp-json\/wp\/v2\/comments?post=359"}],"version-history":[{"count":2,"href":"https:\/\/schmied.de\/es\/wp-json\/wp\/v2\/pages\/359\/revisions"}],"predecessor-version":[{"id":363,"href":"https:\/\/schmied.de\/es\/wp-json\/wp\/v2\/pages\/359\/revisions\/363"}],"wp:attachment":[{"href":"https:\/\/schmied.de\/es\/wp-json\/wp\/v2\/media?parent=359"}],"curies":[{"name":"wp","href":"https:\/\/api.w.org\/{rel}","templated":true}]}}