{"id":36,"date":"2017-01-19T05:47:24","date_gmt":"2017-01-19T05:47:24","guid":{"rendered":"http:\/\/jsra.schmied.de\/?page_id=36"},"modified":"2017-01-19T06:04:59","modified_gmt":"2017-01-19T06:04:59","slug":"bedingungen","status":"publish","type":"page","link":"https:\/\/schmied.de\/es\/bedingungen\/","title":{"rendered":"condiciones"},"content":{"rendered":"<p>Como abogados, estamos sujetos a la supervisi\u00f3n profesional especial del Colegio de Abogados de D\u00fcsseldorf. Por lo tanto, encuentre los detalles del proveedor y otra informaci\u00f3n relevante para el derecho profesional. <a href=\"http:\/\/jsra.schmied.de\/?page_id=40\"><span style=\"color: #3366ff;\">aqu\u00ed<\/span><\/a>.<\/p>\n<p>Adem\u00e1s, no solo le proporcionamos informaci\u00f3n en nuestro sitio web, sino que tambi\u00e9n le permitimos acceder a \u00e9l y mostrarle otros proveedores de contenido. Puede averiguar qu\u00e9 reglas tiene que aceptar a este respecto <a href=\"http:\/\/jsra.schmied.de\/?page_id=44\"><span style=\"color: #3366ff;\">aqu\u00ed<\/span><\/a>.<\/p>","protected":false},"excerpt":{"rendered":"<p>Como abogados, estamos sujetos a la supervisi\u00f3n profesional especial del Colegio de Abogados de D\u00fcsseldorf. Por lo tanto, aqu\u00ed encontrar\u00e1 los datos del proveedor y m\u00e1s informaci\u00f3n relevante para el derecho profesional. Adem\u00e1s, no s\u00f3lo le facilitamos informaci\u00f3n en nuestra p\u00e1gina web, sino que tambi\u00e9n le permitimos acceder a ella y le mostramos otros proveedores de contenidos. Qu\u00e9 normas debe aceptar a este respecto ... <\/p>\n<p class=\"link-more\"><a href=\"https:\/\/schmied.de\/es\/bedingungen\/\" class=\"more-link\">Seguir leyendo<span class=\"screen-reader-text\"> \"Condiciones\"<\/span><\/a><\/p>","protected":false},"author":1,"featured_media":0,"parent":0,"menu_order":6,"comment_status":"closed","ping_status":"closed","template":"","meta":{"footnotes":""},"class_list":["post-36","page","type-page","status-publish","hentry"],"_links":{"self":[{"href":"https:\/\/schmied.de\/es\/wp-json\/wp\/v2\/pages\/36","targetHints":{"allow":["GET"]}}],"collection":[{"href":"https:\/\/schmied.de\/es\/wp-json\/wp\/v2\/pages"}],"about":[{"href":"https:\/\/schmied.de\/es\/wp-json\/wp\/v2\/types\/page"}],"author":[{"embeddable":true,"href":"https:\/\/schmied.de\/es\/wp-json\/wp\/v2\/users\/1"}],"replies":[{"embeddable":true,"href":"https:\/\/schmied.de\/es\/wp-json\/wp\/v2\/comments?post=36"}],"version-history":[{"count":4,"href":"https:\/\/schmied.de\/es\/wp-json\/wp\/v2\/pages\/36\/revisions"}],"predecessor-version":[{"id":355,"href":"https:\/\/schmied.de\/es\/wp-json\/wp\/v2\/pages\/36\/revisions\/355"}],"wp:attachment":[{"href":"https:\/\/schmied.de\/es\/wp-json\/wp\/v2\/media?parent=36"}],"curies":[{"name":"wp","href":"https:\/\/api.w.org\/{rel}","templated":true}]}}