{"id":376,"date":"2022-02-12T16:42:13","date_gmt":"2022-02-12T16:42:13","guid":{"rendered":"http:\/\/jsra.schmied.de\/?page_id=376"},"modified":"2022-02-12T16:42:58","modified_gmt":"2022-02-12T16:42:58","slug":"leistungsuebersicht-wirtschaftliche-beratung","status":"publish","type":"page","link":"https:\/\/schmied.de\/es\/leistungen\/leistungsuebersicht-wirtschaftliche-beratung\/","title":{"rendered":"Resumen de rendimiento asesoramiento econ\u00f3mico"},"content":{"rendered":"<p>El asesoramiento econ\u00f3mico de una empresa es complejo y extenso. Por lo tanto, no podemos ni queremos presentar m\u00e1s que una selecci\u00f3n de los servicios que podemos brindarle. Si es necesario y sensato en su situaci\u00f3n, utilizamos socios de cooperaci\u00f3n externos. Para nosotros es importante mostrarle exactamente la soluci\u00f3n adecuada para usted, incluso a trav\u00e9s de la<\/p>\n\n\n\n<ul class=\"wp-block-list\"><li>creaci\u00f3n de planes de negocios,<\/li><li>la creaci\u00f3n de evaluaciones y pron\u00f3sticos comerciales<\/li><li>El control de las cifras de la empresa con planificaci\u00f3n y recolecci\u00f3n, para la preparaci\u00f3n y soporte de presentaciones bancarias, incluidos los an\u00e1lisis de desviaci\u00f3n.<\/li><li>asesoramiento en creaci\u00f3n de empresas<\/li><li>Asesoramiento en la elecci\u00f3n de forma jur\u00eddica y cambio de forma jur\u00eddica<\/li><li>la valoraci\u00f3n de los activos empresariales, en particular teniendo en cuenta las implicaciones fiscales<\/li><li>Asesoramiento y apoyo a la hora de comprar y vender una empresa<\/li><li>Asesoramiento en y en relaci\u00f3n con la sucesi\u00f3n de empresas<\/li><li>Asesoramiento en todos los problemas de c\u00e1lculo y contabilidad de costos, incluida la implementaci\u00f3n y la implementaci\u00f3n como parte de los procesos fiscales y operativos en curso.<\/li><li>Asesoramiento en la comparaci\u00f3n de ofertas de cr\u00e9dito y leasing junto con la selecci\u00f3n y dise\u00f1o \u00f3ptimos (impuestos incluidos) del instrumento de financiaci\u00f3n<\/li><li>Rating Advisory, informe de reorganizaci\u00f3n seg\u00fan est\u00e1ndar IDW<\/li><li>Apoyo en la superaci\u00f3n de crisis econ\u00f3micas, tanto hacia bancos y proveedores, como en lo que se refiere a la continuidad de la empresa<\/li><\/ul>","protected":false},"excerpt":{"rendered":"<p>El asesoramiento econ\u00f3mico de una empresa es complejo y extenso. Por lo tanto, no podemos ni queremos presentar m\u00e1s que una selecci\u00f3n de los servicios que podemos brindarle. Si es necesario y tiene sentido en su situaci\u00f3n, utilizamos socios de cooperaci\u00f3n externos. Es importante para nosotros mostrarle exactamente la soluci\u00f3n correcta, incluyendo... <\/p>\n<p class=\"link-more\"><a href=\"https:\/\/schmied.de\/es\/leistungen\/leistungsuebersicht-wirtschaftliche-beratung\/\" class=\"more-link\">Seguir leyendo<span class=\"screen-reader-text\"> &#8222;Visi\u00f3n general del servicio consultor\u00eda econ\u00f3mica&#8220;<\/span><\/a><\/p>","protected":false},"author":1,"featured_media":0,"parent":24,"menu_order":9,"comment_status":"closed","ping_status":"closed","template":"","meta":{"footnotes":""},"class_list":["post-376","page","type-page","status-publish","hentry"],"_links":{"self":[{"href":"https:\/\/schmied.de\/es\/wp-json\/wp\/v2\/pages\/376","targetHints":{"allow":["GET"]}}],"collection":[{"href":"https:\/\/schmied.de\/es\/wp-json\/wp\/v2\/pages"}],"about":[{"href":"https:\/\/schmied.de\/es\/wp-json\/wp\/v2\/types\/page"}],"author":[{"embeddable":true,"href":"https:\/\/schmied.de\/es\/wp-json\/wp\/v2\/users\/1"}],"replies":[{"embeddable":true,"href":"https:\/\/schmied.de\/es\/wp-json\/wp\/v2\/comments?post=376"}],"version-history":[{"count":1,"href":"https:\/\/schmied.de\/es\/wp-json\/wp\/v2\/pages\/376\/revisions"}],"predecessor-version":[{"id":379,"href":"https:\/\/schmied.de\/es\/wp-json\/wp\/v2\/pages\/376\/revisions\/379"}],"up":[{"embeddable":true,"href":"https:\/\/schmied.de\/es\/wp-json\/wp\/v2\/pages\/24"}],"wp:attachment":[{"href":"https:\/\/schmied.de\/es\/wp-json\/wp\/v2\/media?parent=376"}],"curies":[{"name":"wp","href":"https:\/\/api.w.org\/{rel}","templated":true}]}}