{"id":40,"date":"2017-01-19T05:48:37","date_gmt":"2017-01-19T05:48:37","guid":{"rendered":"http:\/\/jsra.schmied.de\/?page_id=40"},"modified":"2025-11-29T18:41:04","modified_gmt":"2025-11-29T18:41:04","slug":"impressum","status":"publish","type":"page","link":"https:\/\/schmied.de\/es\/bedingungen\/impressum\/","title":{"rendered":"imprimir"},"content":{"rendered":"<p><strong>Oferente<\/strong><br \/>\nSRG Recht und Steuern GmbH (HRB D\u00fcsseldorf 87525)<br \/>\nrepresentada por el director gerente RA Jan Schmied o StB Nick Rohrbeck<br \/>\nDirecci\u00f3n postal M\u00f6rsenbroicher Weg 191 40470 D\u00fcsseldorf<br \/>\nTel\u00e9fono \/ Fax (+49) 211.78 177 140 \/ (+49) 211.78 177 144<br \/>\ncorreo electr\u00f3nico \/ http jsra@schmied.de http:\/\/www.schmied.de<\/p>\n<p><strong>Seg\u00fan qu\u00e9 reglas trabajamos<\/strong><br \/>\nSomos abogados y asesores fiscales autorizados a ejercer en la Rep\u00fablica Federal de Alemania. Estamos sujetos a la supervisi\u00f3n profesional del Colegio de Abogados de D\u00fcsseldorf, con el que puede ponerse en contacto de la siguiente manera:  Colegio de Abogados de D\u00fcsseldorf Freiligrathstr. 25 40479 D\u00fcsseldorf Tel\u00e9fono 0211\/495020 Fax 0211\/4950228 e-mail rakddorf@datevnet.de http:\/\/www.rechtsanwaltskammer-duesseldorf.de\/<\/p>\n<p class=\"translation-block\">Ejercemos nuestra profesi\u00f3n sobre la base de las siguientes normas y leyes, entre otras la Ley Federal de Abogados ( BRAO ) el C\u00f3digo de Conducta Profesional de los Abogados ( BORA ) y el C\u00f3digo de Conducta Profesional de los Abogados de la Comunidad Europea ( BRRA-EG ) el C\u00f3digo de Conducta Profesional de los Abogados de la Uni\u00f3n Europea la Ley contra el Blanqueo de Capitales la Ley de Abogados Especialistas (no poseemos el t\u00edtulo de abogado especialista). Los textos correspondientes pueden consultarse <a href=\"https:\/\/www.brak.de\/anwaltschaft\/berufsrecht\/\" target=\"_blank\" rel=\"noopener\">en la p\u00e1gina web del Colegio Federal de Abogados<\/a> y tambi\u00e9n se le enviar\u00e1n en formato electr\u00f3nico si as\u00ed lo solicita.<\/p>\n<p>Adem\u00e1s de las normas legales, nos remitimos a nuestras condiciones generales, seg\u00fan las cuales trabajamos y que acordamos contigo.<\/p>\n<p>Adem\u00e1s, el 17 de mayo de 2010, la Ordenanza de Obligaciones de Informaci\u00f3n de Servicio (DL-InfoV) sobre la base de la autorizaci\u00f3n de la ordenanza en \u00a7 6c GewO de la implementaci\u00f3n de la Directiva de Servicio en la Uni\u00f3n Europea (Directiva 2006\/123\/EG de 12.12. 2007) sobre los servicios en el mercado interior (DO L 376 de 27.12.2006, p. 36). Esto tambi\u00e9n se aplica a nuestro trabajo. Hemos recopilado la informaci\u00f3n obligatoria requerida a este respecto en nuestra hoja de informaci\u00f3n.<\/p>\n<div class=\"page\" title=\"P\u00e1gina 1\"><\/div>\n<p><strong style=\"font-size: 1rem;\">costos de nuestras actividades<br \/>\n<\/strong><span style=\"font-size: 1rem;\">La tarifa resultante de nuestro trabajo se calcula sobre la base de <a href=\"http:\/\/www.brak.de\/fuer-anwaelte\/berufsrecht\/\" target=\"_blank\" rel=\"noopener\">Lista de honorarios del abogado federal<\/a> (BRAGO) para mandatos anteriores al 1 de julio de 2004 y <a href=\"http:\/\/www.brak.de\/fuer-anwaelte\/berufsrecht\/\" target=\"_blank\" rel=\"noopener\">Ley de remuneraci\u00f3n de los abogados<\/a> (RVG) para mandatos posteriores al 1 de julio de 2004.\u00a0<\/span><\/p>\n<p><strong>Admisi\u00f3n a los tribunales alemanes<\/strong><br \/>\nEn nuestra calidad de abogados, comparecemos a nivel nacional en todos los tribunales locales, regionales y regionales superiores, as\u00ed como en el Tribunal Social Federal y el Tribunal Federal del Trabajo.<\/p>\n<p><strong>Seguro de responsabilidad profesional<\/strong><br \/>\nHemos suscrito un seguro de responsabilidad civil profesional por encima de la cobertura m\u00ednima legal de 250.000 euros de conformidad con el art\u00edculo 51 BRAGO para protegernos contra posibles da\u00f1os derivados de nuestro asesoramiento. Esto proporciona cobertura a nuestros clientes en caso de da\u00f1os derivados de un error de asesoramiento.<\/p>\n<p>El asegurador de responsabilidad profesional es\u00a0<a href=\"https:\/\/www.ruv.de\/service\/kontakt\" target=\"_blank\" rel=\"noopener\">R+V Seguros Ltda.<\/a> para la p\u00f3liza de responsabilidad civil n\u00b0 : 405 84 355156206 S HP01<\/p>","protected":false},"excerpt":{"rendered":"<p>Proveedor SRG Recht und Steuern GmbH (HRB D\u00fcsseldorf 87525) representada por el gerente RA Jan Schmied o StB Nick Rohrbeck Direcci\u00f3n postal M\u00f6rsenbroicher Weg 191 40470 D\u00fcsseldorf Tel\u00e9fono \/ Fax (+49) 211.78 177 140 \/ (+49) 211.78 177 144 e-mail \/ http jsra@schmied.de http:\/\/www.schmied.de Seg\u00fan qu\u00e9 normas trabajamos Estamos registrados en la Rep\u00fablica Federal de Alemania ... <\/p>\n<p class=\"link-more\"><a href=\"https:\/\/schmied.de\/es\/bedingungen\/impressum\/\" class=\"more-link\">Seguir leyendo<span class=\"screen-reader-text\"> &#8222;Impresi\u00f3n&#8220;<\/span><\/a><\/p>","protected":false},"author":1,"featured_media":0,"parent":36,"menu_order":6,"comment_status":"closed","ping_status":"closed","template":"","meta":{"footnotes":""},"class_list":["post-40","page","type-page","status-publish","hentry"],"_links":{"self":[{"href":"https:\/\/schmied.de\/es\/wp-json\/wp\/v2\/pages\/40","targetHints":{"allow":["GET"]}}],"collection":[{"href":"https:\/\/schmied.de\/es\/wp-json\/wp\/v2\/pages"}],"about":[{"href":"https:\/\/schmied.de\/es\/wp-json\/wp\/v2\/types\/page"}],"author":[{"embeddable":true,"href":"https:\/\/schmied.de\/es\/wp-json\/wp\/v2\/users\/1"}],"replies":[{"embeddable":true,"href":"https:\/\/schmied.de\/es\/wp-json\/wp\/v2\/comments?post=40"}],"version-history":[{"count":10,"href":"https:\/\/schmied.de\/es\/wp-json\/wp\/v2\/pages\/40\/revisions"}],"predecessor-version":[{"id":954,"href":"https:\/\/schmied.de\/es\/wp-json\/wp\/v2\/pages\/40\/revisions\/954"}],"up":[{"embeddable":true,"href":"https:\/\/schmied.de\/es\/wp-json\/wp\/v2\/pages\/36"}],"wp:attachment":[{"href":"https:\/\/schmied.de\/es\/wp-json\/wp\/v2\/media?parent=40"}],"curies":[{"name":"wp","href":"https:\/\/api.w.org\/{rel}","templated":true}]}}