{"id":421,"date":"2022-04-06T17:30:46","date_gmt":"2022-04-06T17:30:46","guid":{"rendered":"https:\/\/schmied.de\/?page_id=421"},"modified":"2024-12-02T15:34:46","modified_gmt":"2024-12-02T15:34:46","slug":"anwaelte-in-kooperation","status":"publish","type":"page","link":"https:\/\/schmied.de\/es\/anwaelte-in-kooperation\/","title":{"rendered":"Abogados en cooperaci\u00f3n"},"content":{"rendered":"<p><\/p>\n\n\n\n<p>\n<strong>Suiza &#8211; petirrojo toedtli\n<br>\nAbogado | notario p\u00fablico<\/strong>\n<\/p>\n<p>\n<img loading=\"lazy\" decoding=\"async\" width=\"100\" height=\"100\" src=\"https:\/\/schmied.de\/wp-content\/uploads\/2022\/04\/TOEDTLI.jpg\">\n<br>\nEl bufete de abogados Toedtli Law tiene su sede en Wollerau (Cant\u00f3n Schwyz), cerca de Z\u00farich. Ofrece asesoramiento a particulares y empresas en toda Suiza en diversas \u00e1reas del derecho, los representa ante tribunales y autoridades o proporciona servicios notariales. El bufete de abogados se enfoca en derecho civil (especialmente planificaci\u00f3n de sucesiones, derecho de sociedades y contratos) y derecho p\u00fablico.\n<\/p>\n<p>\n<strong>Idiomas<\/strong>: alem\u00e1n ingl\u00e9s\n<\/p>\n<p>\n<u>Toedtli Law GmbH<\/u> \n<br>\nRoosstra\u00dfe 53 \n<br>\n8832 Wollerau (Suiza) \n<br>\nTel\u00e9fono: +41 44 515 71 71\n<br>\n<a href=\"mailto:info@toedtli.law\"><font color=\"blue\">info@toedtli.law<\/font><\/a> \n<\/p>\n<p>\np\u00e1gina de inicio: <a href=\"https:\/\/www.toedtli.law\" data-type=\"page\" data-id=\"95\"><font color=\"blue\">www.toedtli.law<\/font><\/a>\n<\/p>\n\n\n\n<p>\n<strong>Croacia &#8211; daniya budimir \n<br>\nabogado<\/strong>\n<\/p>\n<p>\n<img loading=\"lazy\" decoding=\"async\" width=\"100\" height=\"100\" src=\"https:\/\/schmied.de\/wp-content\/uploads\/2022\/04\/danija-budimir.jpg\">\n<br>\nMiembro del Colegio de Abogados de Croacia y miembro del Colegio de Abogados de Frankfurt am Main. El bufete de abogados ha estado activo en el derecho comercial y financiero durante 15 a\u00f1os y ofrece asesoramiento legal transfronterizo tanto para particulares como para empresas bajo la ley alemana y croata.<\/p><p>\n<strong>Idiomas<\/strong>: alem\u00e1n, ingl\u00e9s, croata\n<\/p>\n<p>\n<u>Oficina Zagreb (Croacia)<\/u>\n<br>\nAvenida Ve\u0107eslava Holjevca 40\n<br>\n10000 Zagreb\n<br>\nTel\u00e9fono: +3851 7888 082 \n<br>\nTel\u00e9fono: +385 98 837 209 \n<br>\nFax: +385 1 7888 081\n<br>\n<a href=\"mailto:info@odvjetnica-danija-budimir.hr\"><font color=\"blue\">info@odvjetnica-danija-budimir.hr<\/font><\/a>\n<\/p>\n<p>\n<u>Oficina Frankfurt a\/M (Alemania)<\/u>\n<br>\nCallej\u00f3n de los elefantes 4\/3\n<br>\n60313 Fr\u00e1ncfort del Meno\n<br>\nTel\u00e9fono: +49 (0) 69 71161011\n<br>\nTel\u00e9fono: +49 (0) 69 269 49 575\n<br>\nFax: +49 (0) 69 272 44 284\n<br>\n<a href=\"mailto:danija.budimir@t-online.de\"><font color=\"blue\">danija.budimir@t-online.de<\/font><\/a>\n<\/p>\n<p>\np\u00e1gina de inicio: <a href=\"http:\/\/odvjetnica-danija-budimir.hr\" data-type=\"page\" data-id=\"95\"><font color=\"blue\">www.odvjetnica-danija-budimir.hr<\/font><\/a>\n<\/p>\n\n\n\n<p>\n<strong>Ruman\u00eda &#8211; M\u00f3nica Rotaru\n<br>\nAbogado en la ley<\/strong>\n<\/p>\n<p>\n<img loading=\"lazy\" decoding=\"async\" width=\"100\" height=\"100\" src=\"https:\/\/schmied.de\/wp-content\/uploads\/2022\/04\/Rotaru-scaled.jpg\">\n<br>\nAbogado con muchos a\u00f1os de experiencia en el asesoramiento jur\u00eddico a los sectores de automoci\u00f3n, construcci\u00f3n, inmobiliario, financiero, inform\u00e1tico, turismo y restauraci\u00f3n. La firma de abogados se enfoca en derecho corporativo y comercial, as\u00ed como en asesor\u00eda legal en inversiones, finanzas e impuestos. Esto tambi\u00e9n incluye consultor\u00eda empresarial y de gesti\u00f3n desde la planificaci\u00f3n hasta la implementaci\u00f3n.\n<\/p>\n<p>\n<strong>Idiomas<\/strong>: rumano, ingl\u00e9s\n<\/p>\n<p>\n<u>Bufete de abogados Rotaru<\/u>\n<br>\nCalle Carol D\u00e1vila 91, apto. 10\n<br>\nBucarest 050453 (Ruman\u00eda)\n<br>\nTel\/Fax: +40 21 317 55 32\n<br>\nM\u00f3vil: +40 740 309 707\n<br>\n<a href=\"mailto:monica.rotaru@rtrp.ro\"><font color=\"blue\">monica.rotaru@rtrp.ro<\/font><\/a><\/p>\n\n\n\n\n\n<p><br><\/p>","protected":false},"excerpt":{"rendered":"<p>Suiza &#8211; Robin Toedtli Abogado | Notario p\u00fablico El bufete de abogados Toedtli Law tiene su sede en Wollerau (Cant\u00f3n Schwyz), cerca de Z\u00farich. Ofrece asesoramiento a particulares y empresas en toda Suiza en diversas \u00e1reas del derecho, los representa ante tribunales y autoridades o proporciona servicios notariales. El bufete de abogados se centra en el derecho civil (especialmente la planificaci\u00f3n de sucesiones, derecho corporativo y contractual)... <\/p>\n<p class=\"link-more\"><a href=\"https:\/\/schmied.de\/es\/anwaelte-in-kooperation\/\" class=\"more-link\">Seguir leyendo<span class=\"screen-reader-text\"> &#8222;Abogados en cooperaci\u00f3n&#8220;<\/span><\/a><\/p>","protected":false},"author":2,"featured_media":0,"parent":0,"menu_order":0,"comment_status":"closed","ping_status":"closed","template":"","meta":{"footnotes":""},"class_list":["post-421","page","type-page","status-publish","hentry"],"_links":{"self":[{"href":"https:\/\/schmied.de\/es\/wp-json\/wp\/v2\/pages\/421","targetHints":{"allow":["GET"]}}],"collection":[{"href":"https:\/\/schmied.de\/es\/wp-json\/wp\/v2\/pages"}],"about":[{"href":"https:\/\/schmied.de\/es\/wp-json\/wp\/v2\/types\/page"}],"author":[{"embeddable":true,"href":"https:\/\/schmied.de\/es\/wp-json\/wp\/v2\/users\/2"}],"replies":[{"embeddable":true,"href":"https:\/\/schmied.de\/es\/wp-json\/wp\/v2\/comments?post=421"}],"version-history":[{"count":92,"href":"https:\/\/schmied.de\/es\/wp-json\/wp\/v2\/pages\/421\/revisions"}],"predecessor-version":[{"id":859,"href":"https:\/\/schmied.de\/es\/wp-json\/wp\/v2\/pages\/421\/revisions\/859"}],"wp:attachment":[{"href":"https:\/\/schmied.de\/es\/wp-json\/wp\/v2\/media?parent=421"}],"curies":[{"name":"wp","href":"https:\/\/api.w.org\/{rel}","templated":true}]}}