{"id":44,"date":"2017-01-19T05:48:47","date_gmt":"2017-01-19T05:48:47","guid":{"rendered":"http:\/\/jsra.schmied.de\/?page_id=44"},"modified":"2017-01-19T13:57:59","modified_gmt":"2017-01-19T13:57:59","slug":"nutzungsbedingungen","status":"publish","type":"page","link":"https:\/\/schmied.de\/es\/bedingungen\/nutzungsbedingungen\/","title":{"rendered":"T\u00e9rminos de Uso"},"content":{"rendered":"<p>Nos esforzamos constantemente para mantener nuestro sitio web actualizado. Sin embargo, solo vemos esto como un primer medio para informar a las partes interesadas y no para asesorar a los clientes. Por lo tanto, Internet nunca debe hacer que el asesoramiento personal sea superfluo ni reemplazarlo. Por lo tanto, comprenda los siguientes t\u00e9rminos de uso:<\/p>\n<p><strong>Responsabilidad por el contenido<\/strong><br \/>\nLos contenidos de nuestras p\u00e1ginas fueron creados con mucho cuidado. Sin embargo, no podemos garantizar que el contenido sea correcto, completo o actualizado. Como proveedor de servicios, somos responsables de nuestro propio contenido en estas p\u00e1ginas de acuerdo con la Secci\u00f3n 7, P\u00e1rrafo 1 de la Ley Alemana de Telemedia (TMG). Sin embargo, de acuerdo con los \u00a7\u00a7 8 a 10 TMG, nosotros, como proveedores de servicios, no estamos obligados a controlar la informaci\u00f3n de terceros transmitida o almacenada ni a investigar circunstancias que indiquen una actividad ilegal. Las obligaciones de eliminar o bloquear el uso de informaci\u00f3n de acuerdo con las leyes generales no se ver\u00e1n afectadas. Sin embargo, la responsabilidad en este sentido s\u00f3lo es posible a partir del momento en que se tiene conocimiento de una infracci\u00f3n espec\u00edfica de la ley. Tan pronto como tengamos conocimiento de cualquier violaci\u00f3n de la ley, eliminaremos este contenido de inmediato.<\/p>\n<p><strong>Responsabilidad por enlaces<\/strong><br \/>\nNuestra oferta contiene enlaces a sitios web externos de terceros, sobre cuyo contenido no tenemos influencia. Por lo tanto, no podemos asumir ninguna responsabilidad por este contenido externo. El respectivo proveedor u operador de las p\u00e1ginas es siempre responsable del contenido de las p\u00e1ginas enlazadas. Las p\u00e1ginas enlazadas fueron revisadas por posibles violaciones legales en el momento del enlace. El contenido ilegal no era reconocible en el momento de la vinculaci\u00f3n. Sin embargo, un control permanente del contenido de las p\u00e1ginas enlazadas no es razonable sin pruebas concretas de una infracci\u00f3n. Tan pronto como tengamos conocimiento de infracciones legales, eliminaremos dichos enlaces de inmediato.<\/p>\n<p><strong>derechos de autor<\/strong><br \/>\nEl contenido y las obras creadas por nosotros en nuestro sitio web est\u00e1n sujetos a la ley alemana de derechos de autor. La reproducci\u00f3n, el procesamiento, la distribuci\u00f3n y cualquier tipo de explotaci\u00f3n fuera de los l\u00edmites de los derechos de autor requieren nuestro consentimiento por escrito. Las descargas y copias de este sitio solo est\u00e1n permitidas para uso privado y no comercial. Siempre que el contenido de este sitio haya sido creado por nosotros, se respetan los derechos de autor de terceros. En particular, los contenidos de terceros est\u00e1n marcados como tales. No obstante, si se entera de una infracci\u00f3n de derechos de autor, le pedimos que nos informe en consecuencia. Tan pronto como tengamos conocimiento de violaciones legales, eliminaremos dicho contenido de inmediato.<\/p>\n<p><strong>privacidad<\/strong><br \/>\nNuestro sitio web generalmente se puede utilizar sin proporcionar ning\u00fan dato personal. En la medida en que se recopilan datos personales (por ejemplo, nombre, direcci\u00f3n o direcciones de correo electr\u00f3nico) en nuestro sitio web, esto siempre se hace de forma voluntaria en la medida de lo posible. Estos datos no ser\u00e1n cedidos a terceros sin su expreso consentimiento.<\/p>\n<p>Todav\u00eda hay formularios de contacto en nuestro sitio web. Estos le pedir\u00e1n su nombre con el fin de continuar el contacto De acuerdo con \u00a7 4 VI Ley de protecci\u00f3n de datos de teleservicios y \u00a7 13 I Tratado estatal de servicios de medios, nos gustar\u00eda se\u00f1alar que tiene derecho a contactarnos bajo un seud\u00f3nimo, es decir. un &quot;apodo&quot; en su lugar Ingrese su nombre real.<\/p>\n<p><strong>Google analitico<\/strong><br \/>\nNuestro sitio web utiliza Google Analytics. Este es un servicio de an\u00e1lisis web proporcionado por Google Inc. (&quot;Google&quot;). Google Analytics utiliza las llamadas &quot;cookies&quot;, archivos de texto que se almacenan en su computadora. Permiten el an\u00e1lisis de su uso del sitio web. Si ha activado la anonimizaci\u00f3n de IP, solo una parte de su direcci\u00f3n IP se transmitir\u00e1 a Google y se procesar\u00e1 all\u00ed en nuestro nombre. Tiene la opci\u00f3n de desactivar el almacenamiento de cookies en su navegador. Tambi\u00e9n puede evitar que Google recopile los datos generados por la cookie y relacionados con su uso del sitio web (incluida su direcci\u00f3n IP) y que Google procese estos datos descargando e instalando el complemento del navegador disponible en el siguiente enlace: http :\/\/tools.google.com\/dlpage\/gaoptout?hl=de.<\/p>\n<p>No tenemos ning\u00fan inter\u00e9s en los datos de uso personal. Solo nos gustar\u00eda utilizar los datos obtenidos para hacer que la provisi\u00f3n de informaci\u00f3n en nuestra p\u00e1gina de inicio sea a\u00fan m\u00e1s conveniente para usted y m\u00e1s \u00fatil y rentable para usted.<\/p>\n<p><strong>seguridad en internet<\/strong><br \/>\nNos gustar\u00eda se\u00f1alar que la transmisi\u00f3n de datos en Internet (por ejemplo, cuando se comunica por correo electr\u00f3nico) puede tener brechas de seguridad. No es posible una protecci\u00f3n completa de los datos contra el acceso de terceros. En particular, el env\u00edo por correo electr\u00f3nico no es adecuado para comunicar asuntos en los que se deban respetar plazos. En estos casos es obligatorio el contacto personal directo o el env\u00edo por carta o fax.<\/p>\n<p><strong>Publicidad no autorizada<\/strong><br \/>\nQueda expresamente prohibido el uso de los datos de contacto publicados como parte de la obligaci\u00f3n de impresi\u00f3n por parte de terceros con el fin de enviar material publicitario e informativo no solicitado. Nos reservamos expresamente el derecho de emprender acciones legales en caso de env\u00edo de publicidad no solicitada, como correos electr\u00f3nicos no deseados.<\/p>","protected":false},"excerpt":{"rendered":"<p>Nos esforzamos constantemente para mantener nuestro sitio web actualizado. Sin embargo, solo vemos esto como un primer medio para informar a las partes interesadas y no para asesorar a los clientes. Por lo tanto, Internet nunca debe hacer que el asesoramiento personal sea superfluo ni reemplazarlo. Por lo tanto, comprenda los siguientes t\u00e9rminos de uso: Responsabilidad por el contenido El contenido de nuestro ... <\/p>\n<p class=\"link-more\"><a href=\"https:\/\/schmied.de\/es\/bedingungen\/nutzungsbedingungen\/\" class=\"more-link\">Seguir leyendo<span class=\"screen-reader-text\"> &#8222;T\u00e9rminos de uso&#8220;<\/span><\/a><\/p>","protected":false},"author":1,"featured_media":0,"parent":36,"menu_order":6,"comment_status":"closed","ping_status":"closed","template":"","meta":{"footnotes":""},"class_list":["post-44","page","type-page","status-publish","hentry"],"_links":{"self":[{"href":"https:\/\/schmied.de\/es\/wp-json\/wp\/v2\/pages\/44","targetHints":{"allow":["GET"]}}],"collection":[{"href":"https:\/\/schmied.de\/es\/wp-json\/wp\/v2\/pages"}],"about":[{"href":"https:\/\/schmied.de\/es\/wp-json\/wp\/v2\/types\/page"}],"author":[{"embeddable":true,"href":"https:\/\/schmied.de\/es\/wp-json\/wp\/v2\/users\/1"}],"replies":[{"embeddable":true,"href":"https:\/\/schmied.de\/es\/wp-json\/wp\/v2\/comments?post=44"}],"version-history":[{"count":2,"href":"https:\/\/schmied.de\/es\/wp-json\/wp\/v2\/pages\/44\/revisions"}],"predecessor-version":[{"id":80,"href":"https:\/\/schmied.de\/es\/wp-json\/wp\/v2\/pages\/44\/revisions\/80"}],"up":[{"embeddable":true,"href":"https:\/\/schmied.de\/es\/wp-json\/wp\/v2\/pages\/36"}],"wp:attachment":[{"href":"https:\/\/schmied.de\/es\/wp-json\/wp\/v2\/media?parent=44"}],"curies":[{"name":"wp","href":"https:\/\/api.w.org\/{rel}","templated":true}]}}