{"id":50,"date":"2017-01-19T05:53:56","date_gmt":"2017-01-19T05:53:56","guid":{"rendered":"http:\/\/jsra.schmied.de\/?page_id=50"},"modified":"2017-01-19T14:39:40","modified_gmt":"2017-01-19T14:39:40","slug":"so-finden-sie-uns","status":"publish","type":"page","link":"https:\/\/schmied.de\/es\/kontakt\/so-finden-sie-uns\/","title":{"rendered":"Como encontrarnos"},"content":{"rendered":"<p>Estamos en el FOMACON BusinessCenter en D\u00fcsseldorf M\u00f6rsenbroich.<\/p>\n<p>Puede llegar a nosotros en transporte p\u00fablico (<a href=\"http:\/\/www.rheinbahn.de\/fahrplan\/Umgebungsplne\/D-Moersenbroicher%20Weg.pdf\" target=\"_blank\">Parada Lenaustra\u00dfe<\/a>) como sigue:<br \/>\nTren\/metro 712, U72<br \/>\nAutob\u00fas 730, 733, 810, NE2<\/p>\n<p>Se pueden encontrar espacios de estacionamiento p\u00fablico (gratuito) aproximadamente a 100 metros detr\u00e1s de M\u00f6rsenbroicher Weg 201 (lado opuesto de la calle) y Ernst-Poensgen-Stra\u00dfe en la esquina de Fahneburgstra\u00dfe y M\u00f6rsenbroicher Weg.<\/p>\n<p>Previa solicitud, tambi\u00e9n podemos reservarle una de nuestras plazas de aparcamiento para visitantes en nuestro aparcamiento subterr\u00e1neo.<\/p>\n<p>Considere los tiempos de transferencia de la siguiente manera:<br \/>\nA 15 minutos del aeropuerto de D\u00fcsseldorf (en coche)<br \/>\nDesde la estaci\u00f3n principal de D\u00fcsseldorf 15 minutos (coche), 20 minutos (transporte p\u00fablico)<br \/>\nDesde el centro de la ciudad (K\u00f6nigsallee) 20 minutos (coche), 15 minutos (transporte p\u00fablico)<\/p>","protected":false},"excerpt":{"rendered":"<p>Estamos en el FOMACON BusinessCenter en D\u00fcsseldorf M\u00f6rsenbroich. Puede comunicarse con nosotros en transporte p\u00fablico (parada Lenaustra\u00dfe) de la siguiente manera: Tren \/ U-Bahn 712, U72 Autob\u00fas 730, 733, 810, NE2 Hay espacios de estacionamiento p\u00fablico (gratuito) aproximadamente a 100 metros detr\u00e1s de M\u00f6rsenbroicher Weg 201 (frente lado de la calle) y Ernst-Poensgen-Strasse en la esquina de Fahneburgstrasse y M\u00f6rsenbroicher Weg. A petici\u00f3n puede\u2026 <\/p>\n<p class=\"link-more\"><a href=\"https:\/\/schmied.de\/es\/kontakt\/so-finden-sie-uns\/\" class=\"more-link\">Seguir leyendo<span class=\"screen-reader-text\"> &#8222;C\u00f3mo encontrarnos&#8220;<\/span><\/a><\/p>","protected":false},"author":1,"featured_media":0,"parent":32,"menu_order":5,"comment_status":"closed","ping_status":"closed","template":"","meta":{"footnotes":""},"class_list":["post-50","page","type-page","status-publish","hentry"],"_links":{"self":[{"href":"https:\/\/schmied.de\/es\/wp-json\/wp\/v2\/pages\/50","targetHints":{"allow":["GET"]}}],"collection":[{"href":"https:\/\/schmied.de\/es\/wp-json\/wp\/v2\/pages"}],"about":[{"href":"https:\/\/schmied.de\/es\/wp-json\/wp\/v2\/types\/page"}],"author":[{"embeddable":true,"href":"https:\/\/schmied.de\/es\/wp-json\/wp\/v2\/users\/1"}],"replies":[{"embeddable":true,"href":"https:\/\/schmied.de\/es\/wp-json\/wp\/v2\/comments?post=50"}],"version-history":[{"count":5,"href":"https:\/\/schmied.de\/es\/wp-json\/wp\/v2\/pages\/50\/revisions"}],"predecessor-version":[{"id":87,"href":"https:\/\/schmied.de\/es\/wp-json\/wp\/v2\/pages\/50\/revisions\/87"}],"up":[{"embeddable":true,"href":"https:\/\/schmied.de\/es\/wp-json\/wp\/v2\/pages\/32"}],"wp:attachment":[{"href":"https:\/\/schmied.de\/es\/wp-json\/wp\/v2\/media?parent=50"}],"curies":[{"name":"wp","href":"https:\/\/api.w.org\/{rel}","templated":true}]}}