{"id":52,"date":"2017-01-19T05:54:26","date_gmt":"2017-01-19T05:54:26","guid":{"rendered":"http:\/\/jsra.schmied.de\/?page_id=52"},"modified":"2020-02-16T21:53:43","modified_gmt":"2020-02-16T21:53:43","slug":"so-schreiben-sie-uns","status":"publish","type":"page","link":"https:\/\/schmied.de\/es\/kontakt\/so-schreiben-sie-uns\/","title":{"rendered":"como escribirnos"},"content":{"rendered":"<p>Si desea ponerse en contacto con nosotros por correo postal, utilice nuestra direcci\u00f3n postal M\u00f6rsenbroicher Weg 191 en 40470 D\u00fcsseldorf. Por supuesto, tambi\u00e9n puede enviarnos un fax al +49 (211) 78 177 144 o un correo electr\u00f3nico a jsra@schmied.de.<\/p>\n<p>Si desea transferirnos grandes cantidades de datos electr\u00f3nicamente, cont\u00e1ctenos para que podamos proporcionarle un enlace de carga.<\/p>","protected":false},"excerpt":{"rendered":"<p>Si desea ponerse en contacto con nosotros por correo postal, utilice nuestra direcci\u00f3n postal M\u00f6rsenbroicher Weg 191 en 40470 D\u00fcsseldorf. Por supuesto, tambi\u00e9n puede enviarnos un fax al +49 (211) 78 177 144 o un correo electr\u00f3nico a jsra@schmied.de. Si desea transferirnos electr\u00f3nicamente grandes cantidades de datos, cont\u00e1ctenos, ... <\/p>\n<p class=\"link-more\"><a href=\"https:\/\/schmied.de\/es\/kontakt\/so-schreiben-sie-uns\/\" class=\"more-link\">Seguir leyendo<span class=\"screen-reader-text\"> \"C\u00f3mo escribirnos\"<\/span><\/a><\/p>","protected":false},"author":1,"featured_media":0,"parent":32,"menu_order":5,"comment_status":"closed","ping_status":"closed","template":"","meta":{"footnotes":""},"class_list":["post-52","page","type-page","status-publish","hentry"],"_links":{"self":[{"href":"https:\/\/schmied.de\/es\/wp-json\/wp\/v2\/pages\/52","targetHints":{"allow":["GET"]}}],"collection":[{"href":"https:\/\/schmied.de\/es\/wp-json\/wp\/v2\/pages"}],"about":[{"href":"https:\/\/schmied.de\/es\/wp-json\/wp\/v2\/types\/page"}],"author":[{"embeddable":true,"href":"https:\/\/schmied.de\/es\/wp-json\/wp\/v2\/users\/1"}],"replies":[{"embeddable":true,"href":"https:\/\/schmied.de\/es\/wp-json\/wp\/v2\/comments?post=52"}],"version-history":[{"count":6,"href":"https:\/\/schmied.de\/es\/wp-json\/wp\/v2\/pages\/52\/revisions"}],"predecessor-version":[{"id":274,"href":"https:\/\/schmied.de\/es\/wp-json\/wp\/v2\/pages\/52\/revisions\/274"}],"up":[{"embeddable":true,"href":"https:\/\/schmied.de\/es\/wp-json\/wp\/v2\/pages\/32"}],"wp:attachment":[{"href":"https:\/\/schmied.de\/es\/wp-json\/wp\/v2\/media?parent=52"}],"curies":[{"name":"wp","href":"https:\/\/api.w.org\/{rel}","templated":true}]}}