{"id":56,"date":"2017-01-19T05:55:32","date_gmt":"2017-01-19T05:55:32","guid":{"rendered":"http:\/\/jsra.schmied.de\/?page_id=56"},"modified":"2025-11-29T18:30:22","modified_gmt":"2025-11-29T18:30:22","slug":"unsere-philosophie","status":"publish","type":"page","link":"https:\/\/schmied.de\/es\/kanzlei\/unsere-philosophie\/","title":{"rendered":"nuestra filosof\u00eda"},"content":{"rendered":"<p>Somos un despacho de abogados y asesores fiscales con m\u00e1s de 30 a\u00f1os de experiencia profesional. Adoptamos un enfoque hol\u00edstico en nuestro asesoramiento, es decir, no s\u00f3lo en relaci\u00f3n con los procedimientos legales y un problema espec\u00edfico. Nuestro objetivo es trabajar con usted a lo largo de todo el proceso, desde la contrataci\u00f3n hasta la rescisi\u00f3n del contrato, desde la contabilidad financiera hasta las declaraciones fiscales, desde la constituci\u00f3n de la empresa hasta el asesoramiento empresarial continuo.<\/p>\n<p>No puedes hacer todo (t\u00fa mismo), y tampoco queremos hacer eso. Por lo tanto, a petici\u00f3n suya o en consulta con usted, utilizamos nuestra red juntos y, si es necesario, consultamos a los socios de cooperaci\u00f3n, ya sea en la b\u00fasqueda de asesoramiento personal, comercial o fiscal o preguntas t\u00e9cnicas que hacen que se recomiende el uso de un especialista especial.<\/p>\n<p>Si se trata de un asunto en el extranjero, consultaremos con nuestros socios de cooperaci\u00f3n extranjeros, que pueden apoyarle y asistirle en el idioma nacional respectivo.<\/p>","protected":false},"excerpt":{"rendered":"<p>Somos un despacho de abogados y asesores fiscales con m\u00e1s de 30 a\u00f1os de experiencia profesional. Adoptamos un enfoque hol\u00edstico en nuestro asesoramiento, es decir, no s\u00f3lo en relaci\u00f3n con los procedimientos legales y un problema espec\u00edfico. Nuestro objetivo es trabajar con usted a lo largo de todo el proceso, desde la contrataci\u00f3n hasta la rescisi\u00f3n del contrato, desde la contabilidad financiera hasta las declaraciones fiscales, desde la constituci\u00f3n de la empresa hasta ... <\/p>\n<p class=\"link-more\"><a href=\"https:\/\/schmied.de\/es\/kanzlei\/unsere-philosophie\/\" class=\"more-link\">Seguir leyendo<span class=\"screen-reader-text\"> &#8222;Nuestra filosof\u00eda&#8220;<\/span><\/a><\/p>","protected":false},"author":1,"featured_media":0,"parent":28,"menu_order":4,"comment_status":"closed","ping_status":"closed","template":"","meta":{"footnotes":""},"class_list":["post-56","page","type-page","status-publish","hentry"],"_links":{"self":[{"href":"https:\/\/schmied.de\/es\/wp-json\/wp\/v2\/pages\/56","targetHints":{"allow":["GET"]}}],"collection":[{"href":"https:\/\/schmied.de\/es\/wp-json\/wp\/v2\/pages"}],"about":[{"href":"https:\/\/schmied.de\/es\/wp-json\/wp\/v2\/types\/page"}],"author":[{"embeddable":true,"href":"https:\/\/schmied.de\/es\/wp-json\/wp\/v2\/users\/1"}],"replies":[{"embeddable":true,"href":"https:\/\/schmied.de\/es\/wp-json\/wp\/v2\/comments?post=56"}],"version-history":[{"count":5,"href":"https:\/\/schmied.de\/es\/wp-json\/wp\/v2\/pages\/56\/revisions"}],"predecessor-version":[{"id":948,"href":"https:\/\/schmied.de\/es\/wp-json\/wp\/v2\/pages\/56\/revisions\/948"}],"up":[{"embeddable":true,"href":"https:\/\/schmied.de\/es\/wp-json\/wp\/v2\/pages\/28"}],"wp:attachment":[{"href":"https:\/\/schmied.de\/es\/wp-json\/wp\/v2\/media?parent=56"}],"curies":[{"name":"wp","href":"https:\/\/api.w.org\/{rel}","templated":true}]}}