{"id":58,"date":"2017-01-19T05:56:00","date_gmt":"2017-01-19T05:56:00","guid":{"rendered":"http:\/\/jsra.schmied.de\/?page_id=58"},"modified":"2022-01-17T16:51:39","modified_gmt":"2022-01-17T16:51:39","slug":"download","status":"publish","type":"page","link":"https:\/\/schmied.de\/es\/kanzlei\/download\/","title":{"rendered":"Descargar"},"content":{"rendered":"<p>Hoy en d\u00eda recibe una gran selecci\u00f3n de informaci\u00f3n, folletos y formularios que son de acceso p\u00fablico. A continuaci\u00f3n te mostramos las que consideramos son las fuentes p\u00fablicas m\u00e1s importantes. Tambi\u00e9n ponemos a su disposici\u00f3n documentos del bufete de abogados para su descarga.<\/p>\n<p><strong>documentos de la oficina<br \/><\/strong><a href=\"http:\/\/jsra.schmied.de\/wp-content\/uploads\/2021\/10\/Mandantendatenblatt.pdf\">Hoja de datos del inquilino<\/a><br \/><a href=\"http:\/\/jsra.schmied.de\/wp-content\/uploads\/2021\/10\/Allgemeine_Mandatsbedingungen-JSRA-REV-12102021.pdf\">Condiciones generales del mandato<\/a><\/p>\n<p><em>Poderes para presentar ante un tribunal\/oponente<\/em><br \/><a href=\"http:\/\/jsra.schmied.de\/wp-content\/uploads\/2021\/10\/Vollmacht_JSRA-Strafverfahren.pdf\">Poder notarial_Procedimientos penales JSRA<\/a><br \/><a href=\"http:\/\/jsra.schmied.de\/wp-content\/uploads\/2021\/10\/Vollmacht_JSRA_Rechtsanwaelte.pdf\">Poder notarial_JSRA_abogados<\/a><br \/><a href=\"http:\/\/jsra.schmied.de\/wp-content\/uploads\/2021\/10\/Vollmacht_JSRA_StB.pdf\">Poder notarial_JSRA_StB<\/a><\/p>\n<p><em>Poder notarial para presentar ante la oficina de impuestos (base de datos de poder notarial)<\/em><br \/><a href=\"http:\/\/jsra.schmied.de\/wp-content\/uploads\/2022\/01\/Vollmacht_zur_Vertretung_in_Steuersachen_und_Beiblatt-2022.pdf\">Autorizaci\u00f3n_para_representaci\u00f3n_en_materia_tributaria_y_suplemento 2022<\/a><\/p>\n<p><strong>Documentos\/enlaces disponibles p\u00fablicamente<\/strong><br \/><a href=\"https:\/\/www.justiz.nrw.de\/BS\/formulare\/index.php\" target=\"_blank\" rel=\"noopener\">Formularios NRW<\/a> &#8211; Formularios y folletos informativos para todas las \u00e1reas del derecho<br \/><a href=\"https:\/\/www.justiz.nrw.de\/BS\/linksammlung\/gesetze_verordnungen\/index.php\" target=\"_blank\" rel=\"noopener\">Leyes y regulaciones<\/a> &#8211; Derecho federal, estatal y europeo<br \/><a href=\"https:\/\/www.justiz.nrw.de\/BS\/linksammlung\/sonstige\/index.php\" target=\"_blank\" rel=\"noopener\">Justicia en Renania del Norte-Westfalia<\/a> &#8211; Centros de asesoramiento, instituciones locales<br \/><a href=\"https:\/\/www.justiz.nrw.de\/BS\/linksammlung\/justizbund\/index.php\" target=\"_blank\" rel=\"noopener\">poder judicial a nivel nacional<\/a> &#8211; agencias federales y tribunales federales<\/p>\n\n\n<p><\/p>","protected":false},"excerpt":{"rendered":"<p>Hoy en d\u00eda recibe una gran selecci\u00f3n de informaci\u00f3n, folletos y formularios que son de acceso p\u00fablico. A continuaci\u00f3n te mostramos las que consideramos son las fuentes p\u00fablicas m\u00e1s importantes. Tambi\u00e9n ponemos a su disposici\u00f3n documentos del bufete de abogados para su descarga. Documentos del bufete de abogados Hoja de datos del cliente Condiciones generales_mandato Poderes para someterlos a un tribunal \/ opositoresProcesos penales Vollmacht_JSRAVollmacht_JSRA_Rechtsanw\u00e4lteVollmacht_JSRA_StB Poder para \u2026 <\/p>\n<p class=\"link-more\"><a href=\"https:\/\/schmied.de\/es\/kanzlei\/download\/\" class=\"more-link\">Seguir leyendo<span class=\"screen-reader-text\"> \"Descargar<\/span><\/a><\/p>","protected":false},"author":1,"featured_media":0,"parent":28,"menu_order":4,"comment_status":"closed","ping_status":"closed","template":"","meta":{"footnotes":""},"class_list":["post-58","page","type-page","status-publish","hentry"],"_links":{"self":[{"href":"https:\/\/schmied.de\/es\/wp-json\/wp\/v2\/pages\/58","targetHints":{"allow":["GET"]}}],"collection":[{"href":"https:\/\/schmied.de\/es\/wp-json\/wp\/v2\/pages"}],"about":[{"href":"https:\/\/schmied.de\/es\/wp-json\/wp\/v2\/types\/page"}],"author":[{"embeddable":true,"href":"https:\/\/schmied.de\/es\/wp-json\/wp\/v2\/users\/1"}],"replies":[{"embeddable":true,"href":"https:\/\/schmied.de\/es\/wp-json\/wp\/v2\/comments?post=58"}],"version-history":[{"count":6,"href":"https:\/\/schmied.de\/es\/wp-json\/wp\/v2\/pages\/58\/revisions"}],"predecessor-version":[{"id":366,"href":"https:\/\/schmied.de\/es\/wp-json\/wp\/v2\/pages\/58\/revisions\/366"}],"up":[{"embeddable":true,"href":"https:\/\/schmied.de\/es\/wp-json\/wp\/v2\/pages\/28"}],"wp:attachment":[{"href":"https:\/\/schmied.de\/es\/wp-json\/wp\/v2\/media?parent=58"}],"curies":[{"name":"wp","href":"https:\/\/api.w.org\/{rel}","templated":true}]}}