{"id":6,"date":"2017-01-19T05:30:27","date_gmt":"2017-01-19T05:30:27","guid":{"rendered":"http:\/\/jsra.schmied.de\/?page_id=6"},"modified":"2025-11-30T13:34:08","modified_gmt":"2025-11-30T13:34:08","slug":"start","status":"publish","type":"page","link":"https:\/\/schmied.de\/es\/","title":{"rendered":"SRG Recht und Steuern GmbH"},"content":{"rendered":"<p>Bienvenido a nuestro portal de informaci\u00f3n. Nuestro objetivo es ofrecerle un asesoramiento jur\u00eddico cualificado en D\u00fcsseldorf, Solingen, Alemania y el resto del mundo. <a href=\"http:\/\/jsra.schmied.de\/?page_id=14\"><span style=\"color: #0000ff;\">m\u00e1s<\/span><\/a><\/p>\n<div id=\"DwLhHTtYTDu\">\n<div>\u00a0<\/div>\n<\/div>\n\n\n<p><\/p>","protected":false},"excerpt":{"rendered":"<p>Bienvenido a nuestro portal de informaci\u00f3n. Nuestro objetivo es ofrecerle un asesoramiento jur\u00eddico cualificado en D\u00fcsseldorf, Solingen, Alemania y el resto del mundo. m\u00e1s \u00a0<\/p>","protected":false},"author":1,"featured_media":0,"parent":0,"menu_order":1,"comment_status":"closed","ping_status":"closed","template":"","meta":{"footnotes":""},"class_list":["post-6","page","type-page","status-publish","hentry"],"_links":{"self":[{"href":"https:\/\/schmied.de\/es\/wp-json\/wp\/v2\/pages\/6","targetHints":{"allow":["GET"]}}],"collection":[{"href":"https:\/\/schmied.de\/es\/wp-json\/wp\/v2\/pages"}],"about":[{"href":"https:\/\/schmied.de\/es\/wp-json\/wp\/v2\/types\/page"}],"author":[{"embeddable":true,"href":"https:\/\/schmied.de\/es\/wp-json\/wp\/v2\/users\/1"}],"replies":[{"embeddable":true,"href":"https:\/\/schmied.de\/es\/wp-json\/wp\/v2\/comments?post=6"}],"version-history":[{"count":11,"href":"https:\/\/schmied.de\/es\/wp-json\/wp\/v2\/pages\/6\/revisions"}],"predecessor-version":[{"id":961,"href":"https:\/\/schmied.de\/es\/wp-json\/wp\/v2\/pages\/6\/revisions\/961"}],"wp:attachment":[{"href":"https:\/\/schmied.de\/es\/wp-json\/wp\/v2\/media?parent=6"}],"curies":[{"name":"wp","href":"https:\/\/api.w.org\/{rel}","templated":true}]}}