{"id":796,"date":"2024-09-24T13:56:43","date_gmt":"2024-09-24T13:56:43","guid":{"rendered":"https:\/\/schmied.de\/?page_id=796"},"modified":"2024-11-17T13:47:46","modified_gmt":"2024-11-17T13:47:46","slug":"termine-online","status":"publish","type":"page","link":"https:\/\/schmied.de\/es\/termine-online\/","title":{"rendered":"Fechas en l\u00ednea"},"content":{"rendered":"<p>Aqu\u00ed tiene la posibilidad de reservar citas en l\u00ednea y directamente. Haga clic en los enlaces siguientes (en funci\u00f3n de sus necesidades): <\/p>\n\n\n\n<p><strong>Asociaci\u00f3n de Asistencia Fiscal de la BVL<\/strong><\/p>\n\n\n\n<p><strong>Consulta inicial BVS<\/strong> (Si a\u00fan no es miembro y desea afiliarse a la VLH Lohnsteuerhilfeverein y recibir asesoramiento), haga clic en <a href=\"https:\/\/app.jupus.de\/appointments\/new\/892ef85c-eb73-4d51-be2b-afa004a65b75\/s\/268228d3-98da-425a-9bd5-0d4c47e1d9bb\/\" target=\"_blank\" rel=\"noreferrer noopener\">aqu\u00ed<\/a><\/p>\n\n\n\n<p><strong>Asesoramiento de seguimiento de la BVS<\/strong> (Ya es socio y necesita una cita para una consulta de seguimiento para preparar su declaraci\u00f3n de la renta actual), a continuaci\u00f3n haga clic en <a href=\"https:\/\/app.jupus.de\/appointments\/new\/892ef85c-eb73-4d51-be2b-afa004a65b75\/s\/3bd42527-8999-4f7c-ae9d-fd08964600c4\/\">aqu\u00ed<\/a><\/p>\n\n\n\n<p><strong>Asesoramiento jur\u00eddico<\/strong><\/p>\n\n\n\n<p><strong>Primera cita de asesoramiento jur\u00eddico<\/strong> (Usted tiene una solicitud que a\u00fan no est\u00e1 en la consulta actual), a continuaci\u00f3n, haga clic en <a href=\"https:\/\/app.jupus.de\/appointments\/new\/892ef85c-eb73-4d51-be2b-afa004a65b75\/s\/3bd42527-8999-4f7c-ae9d-fd08964600c4\/\">aqu\u00ed<\/a><\/p>\n\n\n\n<p><strong>Asesoramiento permanente Abogado<\/strong> (Usted ya es cliente nuestro y necesita discutir un mandato conocido), luego haga clic en <a href=\"https:\/\/app.jupus.de\/appointments\/new\/892ef85c-eb73-4d51-be2b-afa004a65b75\/s\/3bd42527-8999-4f7c-ae9d-fd08964600c4\/\">aqu\u00ed<\/a><\/p>\n\n\n\n<p><strong>Asesoramiento fiscal<\/strong><\/p>\n\n\n\n<p><strong>Nuevo mandato de asesoramiento fiscal<\/strong> (Si a\u00fan no es cliente y desea encargarnos su asesoramiento fiscal o tiene alguna pregunta al respecto), haga clic en <a href=\"https:\/\/app.jupus.de\/appointments\/new\/892ef85c-eb73-4d51-be2b-afa004a65b75\/s\/3bd42527-8999-4f7c-ae9d-fd08964600c4\/\">aqu\u00ed<\/a><\/p>\n\n\n\n<p><strong>Asesoramiento fiscal permanente<\/strong> (ya le estamos asesorando en materia fiscal, desea enviarnos documentos o tiene alguna consulta sobre su declaraci\u00f3n actual, sus estados financieros anuales o su contabilidad financiera), haga clic en <a href=\"https:\/\/app.jupus.de\/appointments\/new\/892ef85c-eb73-4d51-be2b-afa004a65b75\/s\/3bd42527-8999-4f7c-ae9d-fd08964600c4\/\">aqu\u00ed<\/a><\/p>\n\n\n\n<p>o simplemente desea concertar una cita y aclarar los detalles con nosotros in situ, haga clic aqu\u00ed. <a href=\"https:\/\/app.jupus.de\/appointments\/new\/892ef85c-eb73-4d51-be2b-afa004a65b75\/s\/3bd42527-8999-4f7c-ae9d-fd08964600c4\/\">aqu\u00ed<\/a>. Si no encuentra una fecha que se ajuste a su agenda con poca antelaci\u00f3n, no dude en llamarnos e intentaremos hacerle un hueco.<\/p>","protected":false},"excerpt":{"rendered":"<p>Aqu\u00ed tiene la posibilidad de reservar citas en l\u00ednea y directamente. Por favor, haga clic en los siguientes enlaces (dependiendo de su solicitud): VLH Lohnsteuerhilfeverein VLH consulta inicial (a\u00fan no es miembro y desea afiliarse a la VLH Lohnsteuerhilfeverein y recibir asesoramiento), entonces haga clic aqu\u00ed VLH consulta de seguimiento (ya es miembro y necesita una cita... <\/p>\n<p class=\"link-more\"><a href=\"https:\/\/schmied.de\/es\/termine-online\/\" class=\"more-link\">Seguir leyendo<span class=\"screen-reader-text\"> \u201eCitas en l\u00ednea\u201c<\/span><\/a><\/p>","protected":false},"author":1,"featured_media":0,"parent":0,"menu_order":0,"comment_status":"closed","ping_status":"closed","template":"","meta":{"footnotes":""},"class_list":["post-796","page","type-page","status-publish","hentry"],"_links":{"self":[{"href":"https:\/\/schmied.de\/es\/wp-json\/wp\/v2\/pages\/796","targetHints":{"allow":["GET"]}}],"collection":[{"href":"https:\/\/schmied.de\/es\/wp-json\/wp\/v2\/pages"}],"about":[{"href":"https:\/\/schmied.de\/es\/wp-json\/wp\/v2\/types\/page"}],"author":[{"embeddable":true,"href":"https:\/\/schmied.de\/es\/wp-json\/wp\/v2\/users\/1"}],"replies":[{"embeddable":true,"href":"https:\/\/schmied.de\/es\/wp-json\/wp\/v2\/comments?post=796"}],"version-history":[{"count":5,"href":"https:\/\/schmied.de\/es\/wp-json\/wp\/v2\/pages\/796\/revisions"}],"predecessor-version":[{"id":863,"href":"https:\/\/schmied.de\/es\/wp-json\/wp\/v2\/pages\/796\/revisions\/863"}],"wp:attachment":[{"href":"https:\/\/schmied.de\/es\/wp-json\/wp\/v2\/media?parent=796"}],"curies":[{"name":"wp","href":"https:\/\/api.w.org\/{rel}","templated":true}]}}