{"id":95,"date":"2017-01-19T15:53:53","date_gmt":"2017-01-19T15:53:53","guid":{"rendered":"http:\/\/jsra.schmied.de\/?page_id=95"},"modified":"2021-10-12T07:10:18","modified_gmt":"2021-10-12T07:10:18","slug":"ra-jan-schmied","status":"publish","type":"page","link":"https:\/\/schmied.de\/es\/kanzlei\/wer-wir-sind-und-was-wir-machen\/ra-jan-schmied\/","title":{"rendered":"RA Jan Schmied"},"content":{"rendered":"<p><img loading=\"lazy\" decoding=\"async\" class=\"alignnone size-medium wp-image-282\" src=\"http:\/\/jsra.schmied.de\/wp-content\/uploads\/2020\/10\/SCHMIED-web-300x300.jpg\" alt=\"\" width=\"300\" height=\"300\" srcset=\"https:\/\/schmied.de\/wp-content\/uploads\/2020\/10\/SCHMIED-web-300x300.jpg 300w, https:\/\/schmied.de\/wp-content\/uploads\/2020\/10\/SCHMIED-web-150x150.jpg 150w, https:\/\/schmied.de\/wp-content\/uploads\/2020\/10\/SCHMIED-web-100x100.jpg 100w, https:\/\/schmied.de\/wp-content\/uploads\/2020\/10\/SCHMIED-web.jpg 709w\" sizes=\"auto, (max-width: 300px) 100vw, 300px\" \/><\/p>\n<ul>\n<li>1989 Estudios de derecho en la Universidad de Colonia<\/li>\n<li>1993 t\u00edtulo de abogado especialista en derecho tributario<\/li>\n<li>1995 Asesor fiscal y auditor Dr. Braun &amp; Partner, D\u00fcsseldorf<\/li>\n<li>1996 admisi\u00f3n a la barra, luego asociado con Jung &amp; Palmer Rechtsanw\u00e4lte<\/li>\n<li>1999 trabaj\u00f3 como abogado en un bufete de abogados privado<\/li>\n<li>2005 responsable del departamento jur\u00eddico y de recursos humanos de una mediana empresa proveedora de automoci\u00f3n<\/li>\n<li>2013 Socio en Eull &amp; Partner Rechtsanw\u00e4lte, D\u00fcsseldorf<\/li>\n<li>2017 JSRA Abogados, D\u00fcsseldorf<\/li>\n<li>Idiomas: alem\u00e1n, ingl\u00e9s (con la ayuda de traducci\u00f3n de mis empleados polaco, mandar\u00edn)<\/li>\n<\/ul>","protected":false},"excerpt":{"rendered":"<p>1989 Estudios de derecho en la Universidad de Colonia 1993 Cualificaci\u00f3n como abogado especialista en derecho fiscal 1995 Asesor fiscal y auditor Dr. Braun &amp; Partner, D\u00fcsseldorf 1996 Admitido como abogado, luego socio en Jung &amp; Palmer Rechtsanw\u00e4lte 1999 Trabajo como abogado en un bufete de abogados privado 2005 Jefe del departamento legal y de recursos humanos de un proveedor automotriz de tama\u00f1o mediano 2013 Socio en Eull &amp; \u2026 <\/p>\n<p class=\"link-more\"><a href=\"https:\/\/schmied.de\/es\/kanzlei\/wer-wir-sind-und-was-wir-machen\/ra-jan-schmied\/\" class=\"more-link\">Seguir leyendo<span class=\"screen-reader-text\"> &#8222;RA Jan Schmied&#8220;<\/span><\/a><\/p>","protected":false},"author":1,"featured_media":0,"parent":14,"menu_order":0,"comment_status":"closed","ping_status":"closed","template":"","meta":{"footnotes":""},"class_list":["post-95","page","type-page","status-publish","hentry"],"_links":{"self":[{"href":"https:\/\/schmied.de\/es\/wp-json\/wp\/v2\/pages\/95","targetHints":{"allow":["GET"]}}],"collection":[{"href":"https:\/\/schmied.de\/es\/wp-json\/wp\/v2\/pages"}],"about":[{"href":"https:\/\/schmied.de\/es\/wp-json\/wp\/v2\/types\/page"}],"author":[{"embeddable":true,"href":"https:\/\/schmied.de\/es\/wp-json\/wp\/v2\/users\/1"}],"replies":[{"embeddable":true,"href":"https:\/\/schmied.de\/es\/wp-json\/wp\/v2\/comments?post=95"}],"version-history":[{"count":8,"href":"https:\/\/schmied.de\/es\/wp-json\/wp\/v2\/pages\/95\/revisions"}],"predecessor-version":[{"id":555,"href":"https:\/\/schmied.de\/es\/wp-json\/wp\/v2\/pages\/95\/revisions\/555"}],"up":[{"embeddable":true,"href":"https:\/\/schmied.de\/es\/wp-json\/wp\/v2\/pages\/14"}],"wp:attachment":[{"href":"https:\/\/schmied.de\/es\/wp-json\/wp\/v2\/media?parent=95"}],"curies":[{"name":"wp","href":"https:\/\/api.w.org\/{rel}","templated":true}]}}